{"id":606,"date":"2017-09-07T16:21:42","date_gmt":"2017-09-07T14:21:42","guid":{"rendered":"https:\/\/cbdstorespain.es\/?page_id=606\/"},"modified":"2026-03-04T18:50:03","modified_gmt":"2026-03-04T17:50:03","slug":"sobre-nosotros","status":"publish","type":"page","link":"https:\/\/cbdstorespain.com\/es\/sobre-nosotros\/","title":{"rendered":"Sobre nosotros"},"content":{"rendered":"\n  <div class=\"banner has-hover has-parallax\" id=\"banner-1240386169\">\n          <div class=\"banner-inner fill\">\n        <div class=\"banner-bg fill\" data-parallax=\"-3\" data-parallax-container=\".banner\" data-parallax-background>\n                                    <div class=\"overlay\"><\/div>            \n                    <\/div>\n\t\t\n        <div class=\"banner-layers container\">\n            <div class=\"fill banner-link\"><\/div>            \n   <div id=\"text-box-1011650801\" class=\"text-box banner-layer x50 md-x50 lg-x50 y90 md-y90 lg-y90 res-text\">\n                                <div class=\"text-box-content text dark\">\n              \n              <div class=\"text-inner text-center\">\n                  \n<h2>Somos el proveedor de CBD<\/h2>\n<p>Hemos empezado la producci\u00f3n de aceite de CDB porque estamos convencidos de los efectos que el producto tiene como un suplemento y contra varias quejas.<\/p>\n<p>Estamos dedicados a producir el aceite CBD lo m\u00e1s puro y limpio del mercado europeo.<\/p>\n<p>Nuestra empresa estudi\u00f3 los efectos medicinales del CDB. CBD significa Cannabidiol<br \/>\ny es el nombre colectivo de aceites de la fibra de c\u00e1\u00f1amo, que no contienen THC.<\/p>\n              <\/div>\n           <\/div>\n                            \n<style>\n#text-box-1011650801 {\n  width: 79%;\n}\n#text-box-1011650801 .text-box-content {\n  font-size: 100%;\n}\n@media (min-width:550px) {\n  #text-box-1011650801 {\n    width: 69%;\n  }\n}\n<\/style>\n    <\/div>\n \n        <\/div>\n      <\/div>\n\n            \n<style>\n#banner-1240386169 {\n  padding-top: 554px;\n}\n#banner-1240386169 .overlay {\n  background-color: rgba(0, 0, 0, 0.49);\n}\n@media (min-width:550px) {\n  #banner-1240386169 {\n    padding-top: 536px;\n  }\n}\n<\/style>\n  <\/div>\n\n\n\n\t<section class=\"section\" id=\"section_1640952944\">\n\t\t<div class=\"section-bg fill\" >\n\t\t\t\t\t\t\t\t\t\n\t\t\t\n\n\t\t<\/div>\n\n\t\t\n\n\t\t<div class=\"section-content relative\">\n\t\t\t\n<div class=\"row align-center\"  id=\"row-1548203747\">\n\n\t<div id=\"col-934991475\" class=\"col medium-10 small-12 large-10\"  >\n\t\t\t\t<div class=\"col-inner text-center\"  >\n\t\t\t\n\t\t\t\n<h2>El proveedor de CBD 100% org\u00e1nico<\/h2>\n<p>Nuestro aceite de CBD es un aceite muy concentrado, basado en el coco y tiene un muy alto porcentaje de CBD puro.<br \/>\nEl porcentaje de aceite CBD puede ser tan alto porque el aceite puro de CBD no contiene otros ingredientes, como otros aceites (crudos) de CBD.<br \/>\nEn el aceite de CBD s\u00f3lo se utilizan las tapas del c\u00e1\u00f1amo, porque estas partes contienen lo m\u00e1s CBD.<br \/>\nEsta plantas de c\u00e1\u00f1amo son cultivado 100% org\u00e1nico en campos certificados y son seleccionados manualmente en la forma tradicional.<\/p>\n<p>100% org\u00e1nico, 100% natural<\/p>\n<h2>Objetivos de CBD<\/h2>\n<p>Estamos ubicados en Espa\u00f1a. Podemos crear un suplemento especial para usuarios de CDB, gracias a nuestra experiencia, nuestro conocimiento extendido y el sincero inter\u00e9s de nuestro equipo.<br \/>\nEstamos continuamente trabajando en el desarrollo de una nueva f\u00f3rmula y en la mejora de la composici\u00f3n de nuestro producto.<br \/>\nNuestros productos son completamente vegetales y org\u00e1nicos.<br \/>\nTenemos pasi\u00f3n para nuestros clientes y nuestro producto. Somos conscientes de la importancia de entregar un producto confiable a nuestros clientes.<br \/>\nLa pol\u00edtica de nuestra organizaci\u00f3n es  que no usamos pesticidas, herbicidas, hormonas de crecimiento, fertilizantes qu\u00edmicos o productos qu\u00edmicos, que ser\u00eda afectado la pureza de nuestro producto en la fase de producci\u00f3n.<\/p>\n<h2>Satisfacci\u00f3n del cliente<\/h2>\n<p>Nuestros objetivos no s\u00f3lo est\u00e1n relacionados con el producto. Estamos orgullosos de nuestro servicio al cliente y tratamos procesar su transacci\u00f3n tan buena como sea posible. Tiene preguntas o quiere darnos retroalimentaci\u00f3n? No dude y tome contacto con nosotros por nuestra p\u00e1gina de contacto.<\/p>\n<p>Debido a la legislaci\u00f3n, nunca podemos dar consejo m\u00e9dico o de salud relacionada con nuestros productos CBD. En caso de duda:  Siempre consulte a su m\u00e9dico!<br \/>\n\t\t<\/div>\n\t\t\t\t\t<\/div>\n\n\t\n<\/div>\n\t\t<\/div>\n\n\t\t\n<style>\n#section_1640952944 {\n  padding-top: 60px;\n  padding-bottom: 60px;\n  min-height: 300px;\n}\n<\/style>\n\t<\/section>\n\t\n","protected":false},"excerpt":{"rendered":"","protected":false},"author":1,"featured_media":0,"parent":0,"menu_order":0,"comment_status":"closed","ping_status":"closed","template":"","meta":{"footnotes":""},"class_list":["post-606","page","type-page","status-publish","hentry"],"_links":{"self":[{"href":"https:\/\/cbdstorespain.com\/es\/wp-json\/wp\/v2\/pages\/606","targetHints":{"allow":["GET"]}}],"collection":[{"href":"https:\/\/cbdstorespain.com\/es\/wp-json\/wp\/v2\/pages"}],"about":[{"href":"https:\/\/cbdstorespain.com\/es\/wp-json\/wp\/v2\/types\/page"}],"author":[{"embeddable":true,"href":"https:\/\/cbdstorespain.com\/es\/wp-json\/wp\/v2\/users\/1"}],"replies":[{"embeddable":true,"href":"https:\/\/cbdstorespain.com\/es\/wp-json\/wp\/v2\/comments?post=606"}],"version-history":[{"count":1,"href":"https:\/\/cbdstorespain.com\/es\/wp-json\/wp\/v2\/pages\/606\/revisions"}],"predecessor-version":[{"id":7515,"href":"https:\/\/cbdstorespain.com\/es\/wp-json\/wp\/v2\/pages\/606\/revisions\/7515"}],"wp:attachment":[{"href":"https:\/\/cbdstorespain.com\/es\/wp-json\/wp\/v2\/media?parent=606"}],"curies":[{"name":"wp","href":"https:\/\/api.w.org\/{rel}","templated":true}]}}