{"id":626,"date":"2017-09-10T14:55:55","date_gmt":"2017-09-10T12:55:55","guid":{"rendered":"https:\/\/cbdstorespain.es\/?page_id=626\/"},"modified":"2018-11-29T00:50:24","modified_gmt":"2018-11-28T23:50:24","slug":"cambio-y-devolucion","status":"publish","type":"page","link":"https:\/\/cbdstorespain.com\/es\/cambio-y-devolucion\/","title":{"rendered":"Cambio y devoluci\u00f3n"},"content":{"rendered":"<h2>Cambio y devoluci\u00f3n<\/h2>\n<p>Este derecho no se aplica si:<\/p>\n<ul>\n<li>el producto se ha utilizado<\/li>\n<li>Usted ha probado a modificar o restaurar el producto<\/li>\n<li>paquete original y \/ o etiquetas adjuntas faltan<\/li>\n<\/ul>\n<p>** Nos gustar\u00eda llamar su atenci\u00f3n sobre lo siguiente:<br \/>\nNunca puede devolver los productos que hayan sido utilizados o \/y abiertos o \/ y modificados.<\/p>\n<p>Debe comprobar los productos recibidos en defectos. Despu\u00e9s del plazo de refectionar no podemos hacer excepciones sobre el cambio o la devoluci\u00f3n.<\/p>\n<p>Debe anunciar la devoluci\u00f3n a info @ cbdstorespain.com.<br \/>\nLe ayudaremos con el procedimiento posterior.<\/p>\n<p>Dentro de toda Europa, los productos anunciados deben ser recibido dentro de 14 d\u00edas despu\u00e9s del anuncio. Gastos de env\u00edo son a cargo del cliente. Si los productos entran m\u00e1s tarde que el per\u00edodo anteriormente citado o el env\u00edo de vuelta no es bastante franqueado, tenemos que cobrar por lo menos \u20ac15,-.<\/p>\n<p>Manejamos las devoluciones dentro de 14 d\u00edas despu\u00e9s de la recepci\u00f3n de los productos devueltos. Para el producto sin descuento(*) el importe pagado por adelantado (menos descuentos promocionales, si hay) ser\u00e1n reembolsados dentro de 14 jornadas laboral en su cuenta bancaria especificada.<\/p>\n<p>Usted misma tiene la responsabilidad de todas devoluciones de productos. Se recomienda que env\u00ede la devoluci\u00f3n de su paquete por track &amp; trace. Tambi\u00e9n disponible con los env\u00edos postales. La oficina de correos le pueden ayudar con esto. CBDStoreSpain no se hace responsable por la p\u00e9rdida de los paquetes que se env\u00edan sin track &amp; trace.<\/p>\n<p>En caso de devoluci\u00f3n, por favor, env\u00eda su prueba de pago y el formulario debidamente cumplimentado a la siguiente direcci\u00f3n:<\/p>\n<p>Tel: \u00a00034 6 15 15 72 22<br \/>\ninfo @ cbdstorespain.com<\/p>\n<p><strong>Forma de revocar<\/strong><br \/>\n<a href=\"https:\/\/cbdstorespain.com\/content\/uploads\/2017\/09\/Modelformulier_voor_herroeping_spain.docx\">La forma est\u00e1ndar puede descargarse aqu\u00ed<\/a><\/p>\n","protected":false},"excerpt":{"rendered":"<p>Cambio y devoluci\u00f3n Este derecho no se aplica si: el producto se ha utilizado Usted ha probado a modificar o restaurar el producto paquete original y \/ o etiquetas adjuntas faltan ** Nos gustar\u00eda llamar su atenci\u00f3n sobre lo siguiente: Nunca puede devolver los productos que hayan sido utilizados o \/y abiertos o \/ y [&#8230;]\n","protected":false},"author":1,"featured_media":0,"parent":0,"menu_order":0,"comment_status":"closed","ping_status":"closed","template":"","meta":{"footnotes":""},"class_list":["post-626","page","type-page","status-publish","hentry"],"_links":{"self":[{"href":"https:\/\/cbdstorespain.com\/es\/wp-json\/wp\/v2\/pages\/626","targetHints":{"allow":["GET"]}}],"collection":[{"href":"https:\/\/cbdstorespain.com\/es\/wp-json\/wp\/v2\/pages"}],"about":[{"href":"https:\/\/cbdstorespain.com\/es\/wp-json\/wp\/v2\/types\/page"}],"author":[{"embeddable":true,"href":"https:\/\/cbdstorespain.com\/es\/wp-json\/wp\/v2\/users\/1"}],"replies":[{"embeddable":true,"href":"https:\/\/cbdstorespain.com\/es\/wp-json\/wp\/v2\/comments?post=626"}],"version-history":[{"count":0,"href":"https:\/\/cbdstorespain.com\/es\/wp-json\/wp\/v2\/pages\/626\/revisions"}],"wp:attachment":[{"href":"https:\/\/cbdstorespain.com\/es\/wp-json\/wp\/v2\/media?parent=626"}],"curies":[{"name":"wp","href":"https:\/\/api.w.org\/{rel}","templated":true}]}}