{"id":632,"date":"2017-09-10T15:09:12","date_gmt":"2017-09-10T13:09:12","guid":{"rendered":"https:\/\/cbdstorespain.es\/?page_id=632\/"},"modified":"2017-09-10T15:09:12","modified_gmt":"2017-09-10T13:09:12","slug":"garantias-y-devoluciones","status":"publish","type":"page","link":"https:\/\/cbdstorespain.com\/es\/garantias-y-devoluciones\/","title":{"rendered":"Garant\u00edas y devoluciones"},"content":{"rendered":"<p><strong>Gastos de env\u00edo<\/strong><br \/>\nPara cada env\u00edo dom\u00e9stico los gastos de env\u00edo montan a 5 \u20ac,- si pesos y medidas del paquete caben dentro de los l\u00edmites de la empresa de transporte. Usted recibir\u00e1 un c\u00f3digo de track &#038; trace para seguir su orden. Nuestro objetivo es entregar su paquete dentro de 48 horas. Si su pedido consta de m\u00e1s de un producto, tenemos que recoger los productos a veces de tiendas diferentes. Este tendr\u00e1 un d\u00eda.<br \/>\nEn caso de devoluci\u00f3n: Gastos de env\u00edo son a cargo del cliente.<br \/>\nContactenos para m\u00e1s preguntas.<\/p>\n<p>&nbsp;<\/p>\n<p><strong>Entrega<\/strong><\/p>\n<p>Hacemos todo lo posible para entregar su paquete dentro de 24 horas.<br \/>\nSi los productos deben ser recogidos de otros almacenes vamos a intentar entregar un plazo de 48 horas. A veces sucede que la entrega no proceder\u00e1 en el plazo de entrega deseado, debido a cualquier raz\u00f3n. CBD store Spain  no se hace responsable de esto. Haremos todo lo posible para entregar el paquete tan pronto como sea posible. Si no podemos entregar los productos, le informaremos por mail o por tel\u00e9fono.<\/p>\n<p>Plazo de reflexi\u00f3n<br \/>\nPuede leer sobre esto en nuestras condiciones generales.<\/p>\n<p>&nbsp;<\/p>\n<p><strong>Devoluciones<\/strong><\/p>\n<p>Este derecho no se aplica si:<\/p>\n<ol>\n<li>el producto se ha utilizado<\/li>\n<li>Usted ha probado a modificar o restaurar el producto<\/li>\n<li>paquete original y \/ o etiquetas adjuntas faltan<\/li>\n<\/ol>\n<p>&nbsp;<\/p>\n<p>** Nos gustar\u00eda llamar su atenci\u00f3n sobre lo siguiente:<br \/>\nNunca puede devolver los productos que hayan sido utilizados o \/y abiertos o \/ y modificados.<\/p>\n<p>&nbsp;<\/p>\n<p>Debe comprobar los productos recibidos en defectos. Despu\u00e9s del plazo de reflexi\u00f3n no podemos hacer excepciones sobre el cambio o la devoluci\u00f3n.<\/p>\n<p>Debe anunciar la devoluci\u00f3n a info @ cbdstorespain.com.<br \/>\nLe ayudaremos con el procedimiento posterior.<\/p>\n<p>Dentro de toda Europa, los productos anunciados deben ser recibido dentro de 14 d\u00edas despu\u00e9s del anuncio. Gastos de env\u00edo son a cargo del cliente. Si los productos entran m\u00e1s tarde que el per\u00edodo anteriormente citado o el env\u00edo de vuelta no es bastante franqueado, tenemos que cobrar por lo menos \u20ac15,-.<\/p>\n<p>Manejamos las devoluciones dentro de 14 d\u00edas despu\u00e9s de la recepci\u00f3n de los productos devueltos. Para el producto sin descuento(*) el importe pagado por adelantado (menos descuentos promocionales, si hay) ser\u00e1n reembolsados dentro de 14 jornadas laboral en su cuenta bancaria especificada.<\/p>\n<p>&nbsp;<\/p>\n<p>Usted misma tiene la responsabilidad de todas devoluciones de productos. Se recomienda que env\u00ede la devoluci\u00f3n de su paquete  por track &#038; trace. Tambi\u00e9n disponible con los env\u00edos postales. La oficina de correos le pueden ayudar con esto. CBDStoreSpain no se hace responsable por la p\u00e9rdida de los paquetes que se env\u00edan sin track &#038; trace. <\/p>\n<p>&nbsp;<\/p>\n","protected":false},"excerpt":{"rendered":"<p>Gastos de env\u00edo Para cada env\u00edo dom\u00e9stico los gastos de env\u00edo montan a 5 \u20ac,- si pesos y medidas del paquete caben dentro de los l\u00edmites de la empresa de transporte. Usted recibir\u00e1 un c\u00f3digo de track &#038; trace para seguir su orden. Nuestro objetivo es entregar su paquete dentro de 48 horas. Si su [&#8230;]\n","protected":false},"author":1,"featured_media":0,"parent":0,"menu_order":0,"comment_status":"closed","ping_status":"closed","template":"","meta":{"footnotes":""},"class_list":["post-632","page","type-page","status-publish","hentry"],"_links":{"self":[{"href":"https:\/\/cbdstorespain.com\/es\/wp-json\/wp\/v2\/pages\/632","targetHints":{"allow":["GET"]}}],"collection":[{"href":"https:\/\/cbdstorespain.com\/es\/wp-json\/wp\/v2\/pages"}],"about":[{"href":"https:\/\/cbdstorespain.com\/es\/wp-json\/wp\/v2\/types\/page"}],"author":[{"embeddable":true,"href":"https:\/\/cbdstorespain.com\/es\/wp-json\/wp\/v2\/users\/1"}],"replies":[{"embeddable":true,"href":"https:\/\/cbdstorespain.com\/es\/wp-json\/wp\/v2\/comments?post=632"}],"version-history":[{"count":0,"href":"https:\/\/cbdstorespain.com\/es\/wp-json\/wp\/v2\/pages\/632\/revisions"}],"wp:attachment":[{"href":"https:\/\/cbdstorespain.com\/es\/wp-json\/wp\/v2\/media?parent=632"}],"curies":[{"name":"wp","href":"https:\/\/api.w.org\/{rel}","templated":true}]}}