{"id":636,"date":"2017-09-10T15:19:37","date_gmt":"2017-09-10T13:19:37","guid":{"rendered":"https:\/\/cbdstorespain.es\/?page_id=636\/"},"modified":"2018-05-06T22:13:27","modified_gmt":"2018-05-06T20:13:27","slug":"preguntas-frecuentes","status":"publish","type":"page","link":"https:\/\/cbdstorespain.com\/es\/preguntas-frecuentes\/","title":{"rendered":"Preguntas frecuentes"},"content":{"rendered":"<div class=\"container section-title-container\" ><h3 class=\"section-title section-title-bold-center\"><b><\/b><span class=\"section-title-main\" ><i class=\"icon-search\" ><\/i>Preguntas frecuentes<\/span><b><\/b><\/h3><\/div>\n<div class=\"row\"  id=\"row-651566588\">\n\n\t<div id=\"col-1490461181\" class=\"col medium-6 large-6\"  >\n\t\t\t\t<div class=\"col-inner\"  >\n\t\t\t\n\t\t\t\n<div class=\"accordion\">\n\t<div id=\"accordion-2474635673\" class=\"accordion-item\">\n\t\t<a id=\"accordion-2474635673-label\" class=\"accordion-title plain\" href=\"#accordion-item-qu\u00e9-es-aceite-cbd?\" aria-expanded=\"false\" aria-controls=\"accordion-2474635673-content\" >\n\t\t\t<button class=\"toggle\" aria-label=\"Toggle\"><i class=\"icon-angle-down\"><\/i><\/button>\n\t\t\t<span>Qu\u00e9 es aceite CBD?<\/span>\n\t\t<\/a>\n\t\t<div id=\"accordion-2474635673-content\" class=\"accordion-inner\" aria-labelledby=\"accordion-2474635673-label\" >\n\t\t\t\n<p>CBD significa Cannabidiol. Aislados de la planta de c\u00e1\u00f1amo. No se da el efecto de \u201cdrogan\u201d. Tiene un efecto beneficioso. Es utilizado por personas con una diversidad de quejas. M\u00e1s informac\u00edon de CBD puede encontrar.<\/p>\n\t\t<\/div>\n\t<\/div>\n\t\n\t<div id=\"accordion-4242446991\" class=\"accordion-item\">\n\t\t<a id=\"accordion-4242446991-label\" class=\"accordion-title plain\" href=\"#accordion-item-el-aceite-cbd-es-legal?\" aria-expanded=\"false\" aria-controls=\"accordion-4242446991-content\" >\n\t\t\t<button class=\"toggle\" aria-label=\"Toggle\"><i class=\"icon-angle-down\"><\/i><\/button>\n\t\t\t<span>El aceite CBD es legal?<\/span>\n\t\t<\/a>\n\t\t<div id=\"accordion-4242446991-content\" class=\"accordion-inner\" aria-labelledby=\"accordion-4242446991-label\" >\n\t\t\t\n<p>Nuestro aceite CBD es legal en todo el mundo. El aceite CBD es hecha de c\u00e1\u00f1amo. En este momento un mont\u00f3n de c\u00e1\u00f1amo se cultiva legalmente en los Pa\u00edses Bajos para producir el aceite CBD. Nuestro aceite es totalmente org\u00e1nico y libre de THC.<\/p>\n\t\t<\/div>\n\t<\/div>\n\t\n\t<div id=\"accordion-195429435\" class=\"accordion-item\">\n\t\t<a id=\"accordion-195429435-label\" class=\"accordion-title plain\" href=\"#accordion-item-el-aceite-cbd-da-efectos-alucin\u00f3genos?\" aria-expanded=\"false\" aria-controls=\"accordion-195429435-content\" >\n\t\t\t<button class=\"toggle\" aria-label=\"Toggle\"><i class=\"icon-angle-down\"><\/i><\/button>\n\t\t\t<span>El Aceite CBD da efectos alucin\u00f3genos?<\/span>\n\t\t<\/a>\n\t\t<div id=\"accordion-195429435-content\" class=\"accordion-inner\" aria-labelledby=\"accordion-195429435-label\" >\n\t\t\t\n<p>Nuestro aceite CBD no da un efecto alucin\u00f3geno porque no contiene sustancias psicoactivas como THC. El ingrediente activo es Cannabidiol, cuyos efectos medicinales han registrados por la investigaci\u00f3n cient\u00edfica y se ha demostrado en los informes.<\/p>\n\t\t<\/div>\n\t<\/div>\n\t\n\t<div id=\"accordion-3265034955\" class=\"accordion-item\">\n\t\t<a id=\"accordion-3265034955-label\" class=\"accordion-title plain\" href=\"#accordion-item-para-qu\u00e9-trastornos-se-puede-utilizar-aceite-cbd?\" aria-expanded=\"false\" aria-controls=\"accordion-3265034955-content\" >\n\t\t\t<button class=\"toggle\" aria-label=\"Toggle\"><i class=\"icon-angle-down\"><\/i><\/button>\n\t\t\t<span>Para qu\u00e9 trastornos se puede utilizar aceite CBD?<\/span>\n\t\t<\/a>\n\t\t<div id=\"accordion-3265034955-content\" class=\"accordion-inner\" aria-labelledby=\"accordion-3265034955-label\" >\n\t\t\t\n<p>Los \u00faltimos a\u00f1os mucha investigaci\u00f3n se ha realizado sobre los efectos de Cannabidiol (CBD). Hay un mont\u00f3n de indicaciones que el CBD puede tener un efecto beneficioso para numerosos s\u00edntomas f\u00edsicos y psicol\u00f3gicos. Los cannabinoides (CBD) son vistos por muchas personas como un posible medicamento para el cronicoso como un medicamento para las n\u00e1useas y v\u00f3mitos despu\u00e9s. En internet, CBD se llama como la nueva droga de la maravilla contra el. Mucha investigaci\u00f3n cient\u00edfica se est\u00e1 haciendo para confirmarlo. M\u00e1s y m\u00e1s serios estudios cient\u00edficos dicen que aceite CBD ayuda a aliviarse el dolor cr\u00f3nicos. represi\u00f3n de psicosis y de ataques. Resultados positivos son reportados para ADHD, Depresi\u00f3n, Diabetes, Glaucoma, Migra\u00f1a, Obesidad, Trastornos del sue\u00f1o, Estr\u00e9s, Fibromialgia, Dolores cr\u00f3nicos y Reumatismo.<\/p>\n\t\t<\/div>\n\t<\/div>\n\t\n\t<div id=\"accordion-2583727990\" class=\"accordion-item\">\n\t\t<a id=\"accordion-2583727990-label\" class=\"accordion-title plain\" href=\"#accordion-item-el-aceite-cbd-tiene-efectos-secundarios?\" aria-expanded=\"false\" aria-controls=\"accordion-2583727990-content\" >\n\t\t\t<button class=\"toggle\" aria-label=\"Toggle\"><i class=\"icon-angle-down\"><\/i><\/button>\n\t\t\t<span>El aceite CBD tiene efectos secundarios?<\/span>\n\t\t<\/a>\n\t\t<div id=\"accordion-2583727990-content\" class=\"accordion-inner\" aria-labelledby=\"accordion-2583727990-label\" >\n\t\t\t\n<p>Nuestro aceite CDB no tiene efectos secundarios y es segura, si se utiliza seg\u00fan el manual del usuario. No recomendado para mujeres embarazadas o mujeres lactantes.<\/p>\n\t\t<\/div>\n\t<\/div>\n\t\n\t<div id=\"accordion-655522050\" class=\"accordion-item\">\n\t\t<a id=\"accordion-655522050-label\" class=\"accordion-title plain\" href=\"#accordion-item-qu\u00e9-es-la-cantidad-recomendada-del-aceite-cbd?\" aria-expanded=\"false\" aria-controls=\"accordion-655522050-content\" >\n\t\t\t<button class=\"toggle\" aria-label=\"Toggle\"><i class=\"icon-angle-down\"><\/i><\/button>\n\t\t\t<span>Qu\u00e9 es la cantidad recomendada del aceite CBD?<\/span>\n\t\t<\/a>\n\t\t<div id=\"accordion-655522050-content\" class=\"accordion-inner\" aria-labelledby=\"accordion-655522050-label\" >\n\t\t\t\n<p>Es aconsejable comenzar con 1-3 gotas de aceite, 2 &#8211; 3 veces al d\u00eda.<br \/>\nEn las instrucciones en el paquete se ofrece m\u00e1s informaci\u00f3n sobre dosificaci\u00f3n.<\/p>\n\t\t<\/div>\n\t<\/div>\n\t\n\t<div id=\"accordion-2775079333\" class=\"accordion-item\">\n\t\t<a id=\"accordion-2775079333-label\" class=\"accordion-title plain\" href=\"#accordion-item-qu\u00e9-es-la-conservabilidad-del-aceite-cbd?\" aria-expanded=\"false\" aria-controls=\"accordion-2775079333-content\" >\n\t\t\t<button class=\"toggle\" aria-label=\"Toggle\"><i class=\"icon-angle-down\"><\/i><\/button>\n\t\t\t<span>Qu\u00e9 es la conservabilidad del aceite CBD?<\/span>\n\t\t<\/a>\n\t\t<div id=\"accordion-2775079333-content\" class=\"accordion-inner\" aria-labelledby=\"accordion-2775079333-label\" >\n\t\t\t\n<p>Aceite CBD se conserva lo mejor en una zona fresca y oscura.<br \/>\nEn el frigor\u00edfico, puede conservar el aceite CBD por lo menos 2 a\u00f1os, aunque la calidad disminuye. Se recomienda para usar el aceite CBD a temperatura ambiente.<\/p>\n\t\t<\/div>\n\t<\/div>\n\t\n<\/div>\n\t\t<\/div>\n\t\t\t\t\t<\/div>\n\n\t\n\n\t<div id=\"col-1936841873\" class=\"col medium-6 large-6\"  >\n\t\t\t\t<div class=\"col-inner\"  >\n\t\t\t\n\t\t\t\n<div class=\"accordion\">\n\t<div id=\"accordion-1748472964\" class=\"accordion-item\">\n\t\t<a id=\"accordion-1748472964-label\" class=\"accordion-title plain\" href=\"#accordion-item-qu\u00e9-es-el-plazo-de-entrega-para-cbd?\" aria-expanded=\"false\" aria-controls=\"accordion-1748472964-content\" >\n\t\t\t<button class=\"toggle\" aria-label=\"Toggle\"><i class=\"icon-angle-down\"><\/i><\/button>\n\t\t\t<span>Qu\u00e9 es el plazo de entrega para CBD?<\/span>\n\t\t<\/a>\n\t\t<div id=\"accordion-1748472964-content\" class=\"accordion-inner\" aria-labelledby=\"accordion-1748472964-label\" >\n\t\t\t\n<p>El plazo de entrega es 1-7 d\u00edas laborables (cuando el correo no tiene retraso).<\/p>\n\t\t<\/div>\n\t<\/div>\n\t\n\t<div id=\"accordion-842621969\" class=\"accordion-item\">\n\t\t<a id=\"accordion-842621969-label\" class=\"accordion-title plain\" href=\"#accordion-item-c\u00f3mo-puedo-pedir?\" aria-expanded=\"false\" aria-controls=\"accordion-842621969-content\" >\n\t\t\t<button class=\"toggle\" aria-label=\"Toggle\"><i class=\"icon-angle-down\"><\/i><\/button>\n\t\t\t<span>C\u00f3mo puedo pedir?<\/span>\n\t\t<\/a>\n\t\t<div id=\"accordion-842621969-content\" class=\"accordion-inner\" aria-labelledby=\"accordion-842621969-label\" >\n\t\t\t\n<p>Usted puede pedir f\u00e1cilmente seleccionando el producto deseado en nuestra tienda de CBD en l\u00ednea.<\/p>\n\t\t<\/div>\n\t<\/div>\n\t\n\t<div id=\"accordion-446802168\" class=\"accordion-item\">\n\t\t<a id=\"accordion-446802168-label\" class=\"accordion-title plain\" href=\"#accordion-item-c\u00f3mo-puedo-pagar?\" aria-expanded=\"false\" aria-controls=\"accordion-446802168-content\" >\n\t\t\t<button class=\"toggle\" aria-label=\"Toggle\"><i class=\"icon-angle-down\"><\/i><\/button>\n\t\t\t<span>C\u00f3mo puedo pagar?<\/span>\n\t\t<\/a>\n\t\t<div id=\"accordion-446802168-content\" class=\"accordion-inner\" aria-labelledby=\"accordion-446802168-label\" >\n\t\t\t\n<p>Puede pagar con seguridad en l\u00ednea a trav\u00e9s de varios m\u00e9todos de pago conocida.<\/p>\n\t\t<\/div>\n\t<\/div>\n\t\n\t<div id=\"accordion-432111592\" class=\"accordion-item\">\n\t\t<a id=\"accordion-432111592-label\" class=\"accordion-title plain\" href=\"#accordion-item-c\u00f3mo-puedo-cancelar-un-pedido?\" aria-expanded=\"false\" aria-controls=\"accordion-432111592-content\" >\n\t\t\t<button class=\"toggle\" aria-label=\"Toggle\"><i class=\"icon-angle-down\"><\/i><\/button>\n\t\t\t<span>C\u00f3mo puedo cancelar un pedido?<\/span>\n\t\t<\/a>\n\t\t<div id=\"accordion-432111592-content\" class=\"accordion-inner\" aria-labelledby=\"accordion-432111592-label\" >\n\t\t\t\n<p>Si desea cancelar o cambiar su pedido puede contactarnos utilizando el formulario de contacto. Ver garant\u00edas y devoluciones.<\/p>\n\t\t<\/div>\n\t<\/div>\n\t\n\t<div id=\"accordion-2251222309\" class=\"accordion-item\">\n\t\t<a id=\"accordion-2251222309-label\" class=\"accordion-title plain\" href=\"#accordion-item-tengo-que-pagar-los-gastos-de-env\u00edo?\" aria-expanded=\"false\" aria-controls=\"accordion-2251222309-content\" >\n\t\t\t<button class=\"toggle\" aria-label=\"Toggle\"><i class=\"icon-angle-down\"><\/i><\/button>\n\t\t\t<span>Tengo que pagar los gastos de env\u00edo?<\/span>\n\t\t<\/a>\n\t\t<div id=\"accordion-2251222309-content\" class=\"accordion-inner\" aria-labelledby=\"accordion-2251222309-label\" >\n\t\t\t\n<p>En caso de una cantidad menor de \u20ac 100,-: los gastos de env\u00edo son una sola vez \u20ac 5,-<br \/>\nEn caso de una cantidad m\u00e1s de \u20ac 100,-: env\u00edo libre<\/p>\n\t\t<\/div>\n\t<\/div>\n\t\n<\/div>\n\t\t<\/div>\n\t\t\t\t\t<\/div>\n\n\t\n<\/div>\n<div class=\"row\"  id=\"row-529829767\">\n\t<div id=\"gap-2142960813\" class=\"gap-element clearfix\" style=\"display:block; height:auto;\">\n\t\t\n<style>\n#gap-2142960813 {\n  padding-top: 30px;\n}\n<\/style>\n\t<\/div>\n\t\n<div class=\"container section-title-container\" ><h3 class=\"section-title section-title-bold-center\"><b><\/b><span class=\"section-title-main\" ><i class=\"icon-envelop\" ><\/i>Send us an E-mail<\/span><b><\/b><\/h3><\/div>\n<p>info @ cbdstorespain.com<\/p>\n<\/div>\n","protected":false},"excerpt":{"rendered":"","protected":false},"author":1,"featured_media":0,"parent":0,"menu_order":0,"comment_status":"closed","ping_status":"closed","template":"","meta":{"footnotes":""},"class_list":["post-636","page","type-page","status-publish","hentry"],"_links":{"self":[{"href":"https:\/\/cbdstorespain.com\/es\/wp-json\/wp\/v2\/pages\/636","targetHints":{"allow":["GET"]}}],"collection":[{"href":"https:\/\/cbdstorespain.com\/es\/wp-json\/wp\/v2\/pages"}],"about":[{"href":"https:\/\/cbdstorespain.com\/es\/wp-json\/wp\/v2\/types\/page"}],"author":[{"embeddable":true,"href":"https:\/\/cbdstorespain.com\/es\/wp-json\/wp\/v2\/users\/1"}],"replies":[{"embeddable":true,"href":"https:\/\/cbdstorespain.com\/es\/wp-json\/wp\/v2\/comments?post=636"}],"version-history":[{"count":0,"href":"https:\/\/cbdstorespain.com\/es\/wp-json\/wp\/v2\/pages\/636\/revisions"}],"wp:attachment":[{"href":"https:\/\/cbdstorespain.com\/es\/wp-json\/wp\/v2\/media?parent=636"}],"curies":[{"name":"wp","href":"https:\/\/api.w.org\/{rel}","templated":true}]}}