{"id":640,"date":"2017-09-10T15:23:11","date_gmt":"2017-09-10T13:23:11","guid":{"rendered":"https:\/\/cbdstorespain.es\/?page_id=640\/"},"modified":"2017-09-10T15:23:11","modified_gmt":"2017-09-10T13:23:11","slug":"comentarios-de-clientes","status":"publish","type":"page","link":"https:\/\/cbdstorespain.com\/es\/comentarios-de-clientes\/","title":{"rendered":"Comentarios de clientes"},"content":{"rendered":"<p>Cada d\u00eda recibimos un mont\u00f3n de comentarios positivos por correo electr\u00f3nico y tel\u00e9fono de nuestro clientes que son ayudados mucho por nuestro CBD puro.<\/p>\n<p>Porque o\u00edmos que los clientes les gusta leer sobre experiencias de otras personas, hicimos esta p\u00e1gina. Aqu\u00ed puede compartir sus propias experiencias con otros clientes.<\/p>\n<p>&nbsp;<\/p>\n<p>Por favor, diganos de sus s\u00edntomas y qu\u00e9 productos utiliza. Diganos de sus experiencias y ayude a sus compa\u00f1eros.<\/p>\n<p>&nbsp;<\/p>\n<p>Le rogamos <u>no hacer reclamaciones m\u00e9dicas<\/u> en su comentario.<\/p>\n<p>Por supuesto puede escribir sobre el producto de CDB que utiliza y sobre sus resultados en relaci\u00f3n con su queja. Sin embargo, le pedimos que no haga declaraciones como: \u00abCDB resuelve el dolor!\u00bb<\/p>\n","protected":false},"excerpt":{"rendered":"<p>Cada d\u00eda recibimos un mont\u00f3n de comentarios positivos por correo electr\u00f3nico y tel\u00e9fono de nuestro clientes que son ayudados mucho por nuestro CBD puro. Porque o\u00edmos que los clientes les gusta leer sobre experiencias de otras personas, hicimos esta p\u00e1gina. Aqu\u00ed puede compartir sus propias experiencias con otros clientes. &nbsp; Por favor, diganos de sus [&#8230;]\n","protected":false},"author":1,"featured_media":0,"parent":0,"menu_order":0,"comment_status":"closed","ping_status":"closed","template":"","meta":{"footnotes":""},"class_list":["post-640","page","type-page","status-publish","hentry"],"_links":{"self":[{"href":"https:\/\/cbdstorespain.com\/es\/wp-json\/wp\/v2\/pages\/640","targetHints":{"allow":["GET"]}}],"collection":[{"href":"https:\/\/cbdstorespain.com\/es\/wp-json\/wp\/v2\/pages"}],"about":[{"href":"https:\/\/cbdstorespain.com\/es\/wp-json\/wp\/v2\/types\/page"}],"author":[{"embeddable":true,"href":"https:\/\/cbdstorespain.com\/es\/wp-json\/wp\/v2\/users\/1"}],"replies":[{"embeddable":true,"href":"https:\/\/cbdstorespain.com\/es\/wp-json\/wp\/v2\/comments?post=640"}],"version-history":[{"count":0,"href":"https:\/\/cbdstorespain.com\/es\/wp-json\/wp\/v2\/pages\/640\/revisions"}],"wp:attachment":[{"href":"https:\/\/cbdstorespain.com\/es\/wp-json\/wp\/v2\/media?parent=640"}],"curies":[{"name":"wp","href":"https:\/\/api.w.org\/{rel}","templated":true}]}}