{"id":649,"date":"2017-09-10T15:27:49","date_gmt":"2017-09-10T13:27:49","guid":{"rendered":"https:\/\/cbdstorespain.es\/?page_id=649\/"},"modified":"2020-07-09T13:47:23","modified_gmt":"2020-07-09T11:47:23","slug":"entrega","status":"publish","type":"page","link":"https:\/\/cbdstorespain.com\/es\/entrega\/","title":{"rendered":"Entrega"},"content":{"rendered":"<p>Hacemos todo lo posible para que su paquete sea entregado en un plazo de<br \/>\n48 horas.<\/p>\n<p>Si los productos deben ser recogidos en otros almacenes, la entrega se<br \/>\nintentar\u00e1 realizar en un plazo de 56 horas.<\/p>\n<p>A veces sucede que  la entrega no se ejectuta en el plazo  deseado,<br \/>\ndebido a razones diversas y externas a nuestra organizaci\u00f3n. CBD store<br \/>\nSpain  no se hace responsable de esto.<\/p>\n<p>Haremos todo lo posible para que el paquete sea entregado a la mayor<br \/>\nbrevedad posible.<br \/>\nSi por razones adversas los productos no pueden ser entregados, le<br \/>\ninformaremos por correo electr\u00f3nico o telef\u00f3nicamente.<\/p>\n<p>Plazo de reflexi\u00f3n<\/p>\n<p>Tras la recepci\u00f3n de los productos solicitados, usted tiene el derecho<br \/>\nde devolverlos en un plazo de 8 d\u00edas despu\u00e9s de la fecha del env\u00edo.<\/p>\n","protected":false},"excerpt":{"rendered":"<p>Hacemos todo lo posible para que su paquete sea entregado en un plazo de 48 horas. Si los productos deben ser recogidos en otros almacenes, la entrega se intentar\u00e1 realizar en un plazo de 56 horas. A veces sucede que la entrega no se ejectuta en el plazo deseado, debido a razones diversas y externas [&#8230;]\n","protected":false},"author":1,"featured_media":0,"parent":0,"menu_order":0,"comment_status":"closed","ping_status":"closed","template":"","meta":{"footnotes":""},"class_list":["post-649","page","type-page","status-publish","hentry"],"_links":{"self":[{"href":"https:\/\/cbdstorespain.com\/es\/wp-json\/wp\/v2\/pages\/649","targetHints":{"allow":["GET"]}}],"collection":[{"href":"https:\/\/cbdstorespain.com\/es\/wp-json\/wp\/v2\/pages"}],"about":[{"href":"https:\/\/cbdstorespain.com\/es\/wp-json\/wp\/v2\/types\/page"}],"author":[{"embeddable":true,"href":"https:\/\/cbdstorespain.com\/es\/wp-json\/wp\/v2\/users\/1"}],"replies":[{"embeddable":true,"href":"https:\/\/cbdstorespain.com\/es\/wp-json\/wp\/v2\/comments?post=649"}],"version-history":[{"count":0,"href":"https:\/\/cbdstorespain.com\/es\/wp-json\/wp\/v2\/pages\/649\/revisions"}],"wp:attachment":[{"href":"https:\/\/cbdstorespain.com\/es\/wp-json\/wp\/v2\/media?parent=649"}],"curies":[{"name":"wp","href":"https:\/\/api.w.org\/{rel}","templated":true}]}}