{"id":736,"date":"2017-09-11T13:10:16","date_gmt":"2017-09-11T11:10:16","guid":{"rendered":"https:\/\/cbdstorespain.es\/?page_id=736\/"},"modified":"2017-09-11T13:10:16","modified_gmt":"2017-09-11T11:10:16","slug":"cbd-aceite-y-dormir-mejor","status":"publish","type":"page","link":"https:\/\/cbdstorespain.com\/es\/cbd-aceite-y-dormir-mejor\/","title":{"rendered":"CBD Aceite y dormir mejor"},"content":{"rendered":"<h1>problemas para dormir? El cannabidiol CBD aceite puede ayudarle a dormir mejor<\/h1>\n<p class=\"GUI-blog-art\u00edculo-content blog-art\u00edculo-resumen\">Problemas de sue\u00f1o. A menudo no nos deja en absoluto si no tienes problemas con \u00e9l, pero todo el mundo duerme un promedio de un tercio de su vida. Excepto si tiene problemas para dormir. C\u00f3mo CBD de aceite, el aceite de c\u00e1\u00f1amo, el aceite de cannabis o aceite de cannabis posible aqu\u00ed qu\u00e9 pueden hacer y c\u00f3mo funciona eso nos explican en este blog, as\u00ed como sea posible. Adem\u00e1s de que encontrar\u00e1 en la parte inferior de este blog cbd petr\u00f3leo experiencias de personas que ya cbd o cannabis use aceite para dormir mejor. Su propio aceite cdb experiencias, preguntas o comentarios acerca de la CDB y aceite del sue\u00f1o son tambi\u00e9n m\u00e1s que bienvenido!<\/p>\n<h2><strong>Insomnio<\/strong><\/h2>\n<p> El<br \/>\ninsomnio es un problema com\u00fan. Aproximadamente 7% a 8% de las personas en los Pa\u00edses Bajos y B\u00e9lgica en Europa ha afectado. Los efectos son evidentes; que no son aptos, mal equipados y no afilados. Las personas que sufren de insomnio con frecuencia problemas de concentraci\u00f3n y puede aumentar la volatilidad de la emocional.<\/p>\n<p>La causa del insomnio pueden ser bastante diferentes. Puede ser la postura que, en una t\u00e9cnica de respiraci\u00f3n, equivocada en un hit y cronograma de trabajo con, por ejemplo, servicio nocturno, pero sin duda tambi\u00e9n una escasez de endo canna bino iden (cuerpo propios cannabinoides) en su cuerpo. Que el suplemento cannabinoides dormir bien tendr\u00e1 un impacto positivo, por lo tanto, no es sorprendente.<\/p>\n[Ux_FEATURED_PRODUCTS products=\u00bb\u00bb columns=\u00bb4&#8243; title=\u00bb\u00bb]\n<h2><strong>CDB aceite y Sleep<\/strong><\/h2>\n<p>El efecto de la CDB sobre la dormir ya ha sido examinado, hubo en un estudio con ciertos animales descubri\u00f3 que el CDB la duraci\u00f3n del sue\u00f1o extended [1] Los animales que recibieron una dosis alta tambi\u00e9n fueron largos per\u00edodos de sue\u00f1o profundo. Tard\u00f3 un poco m\u00e1s antes de dormirse.<\/p>\n<p>Se ha descubierto que el CDB petr\u00f3leo no s\u00f3lo afecta a la manera f\u00e1cil nos dormimos y por cu\u00e1nto tiempo vamos a seguir el sue\u00f1o, sino tambi\u00e9n sobre el ciclo del sue\u00f1o. CBD aumenta la tercera fase de sue\u00f1o profundo y reduce la duraci\u00f3n del sue\u00f1o de freno. El tercer dormitorio fase el escenario principal para aquellos que sufren de un trastorno del sue\u00f1o. El sue\u00f1o es el sue\u00f1o de la luz de freno durante la cual so\u00f1amos. Por un freno reducido durmiendo gente experimentada que utilice aceite si por supuesto CBD durmiendo medio, son m\u00e1s propensos a tener un sue\u00f1o sue\u00f1o ficticio. Un breve per\u00edodo de sue\u00f1o REM se asocia con una reducci\u00f3n de los s\u00edntomas de la depresi\u00f3n.<\/p>\n<p>A partir de la sangre, la investigaci\u00f3n realizada durante el sue\u00f1o, muestra que los niveles de dopamina aceite la CBD en el torrente sangu\u00edneo afectado. Esto se traduce en un ambiente m\u00e1s relajado y dormir mejor. Los estudios tambi\u00e9n demuestran que el CDB el aceite puede mejorar el sue\u00f1o de las personas con deficiente en los patrones de sue\u00f1o y fatiga cr\u00f3nica.<\/p>\n<p>Tambi\u00e9n hay estudios que muestran que el CDB promueve la agudeza mental [2]. Esto suena contradictorio con la anterior y esto es bastante dif\u00edcil si le gustar\u00eda que nosotros a dormir, por supuesto. Sin embargo, esta diferencia en el efecto puede ser explicado por las diferencias en las concentraciones administradas CBD. En un estudio se observ\u00f3 un menor concentraci\u00f3n de CBD, y en el otro estudio se trabaj\u00f3 con una alta concentraci\u00f3n.<\/p>\n<h2><strong>Opini\u00f3n sobre uso de CBD de aceite y suspensi\u00f3n<\/strong><\/h2>\n<p>Sobre la base de la investigaci\u00f3n, nuestra propia experiencia y sobre la base de los acopladores de retorno de nuestros clientes sabemos que el CDB adsoluut bien puede ayudar con el sue\u00f1o. La mayor\u00eda de aceite seleccionado que es el <A title=\"CDB 5% aceite biol\u00f3gico\" href=\"https:\/\/cbdstorespain.com\/product\/azoth5CBD\/\">e cbd aceite con 5%<\/a>. Esto es debido al hecho de que este es un puro CDB en aceite para un mont\u00f3n de gente ya est\u00e1n suficientemente CBD para un buen efecto sobre los problemas relacionados con el sue\u00f1o. Si tambi\u00e9n cbd aceite para una mejor noche de sue\u00f1o le aconsejamos que desea utilizar para el aceite \u00abvonds aproximadamente una hora antes de ir a dormir. Esta posici\u00f3n siempre debe hacerse puramente porque el CDB el mejor es tomado por las membranas mucosas. Si usted va a mezclar las gotas de agua o de otro tipo de operaci\u00f3n va a tomar mucho m\u00e1s tiempo porque la grabaci\u00f3n a trav\u00e9s del est\u00f3mago y los intestinos se llevar\u00e1 a cabo. El aceite org\u00e1nico de medi c\u00e1\u00f1amo tiene un sabor de nuez en donde generalmente no tiene ninguna dificultad.<\/p>\n<h2><strong>El aceite de cannabis y Sleep<\/strong><\/h2>\n<div>Hemos notado que muchas personas se preguntan si el aceite de cannabis tambi\u00e9n pueden fomentar el sue\u00f1o. En nuestra opini\u00f3n, la respuesta es simple y; s\u00ed. Sin embargo, tambi\u00e9n sabemos por experiencia que el aceite de cannabis no suele ser necesario para obtener una buena noche de sue\u00f1o. CBD buenas y puras es a menudo suficiente. La ventaja de la CDB en relaci\u00f3n con el aceite de cannabis, donde el THC es el componente m\u00e1s importante es que el CDB no efectos adictivos y sin efectos secundarios. Esto mientras el aceite de cannabis psico activo porque no son, por lo tanto, principalmente de THC. Por lo tanto, puede ser alto-addled o. Esta \u00abactualizaci\u00f3n\u00bb de aceite de cannabis es a menudo indeseables. Todos los que no se espera, por tanto, pueden ser mejor optar por el CDB de aceite. Adem\u00e1s tambi\u00e9n se da el caso de que el aceite de cannabis no es jur\u00eddicamente para la venta, con el resultado de que ella misma debe hacerse y, por lo tanto, nunca han sido certificadas como el CDB aceite de Azoth que encontrar\u00e1 en nuestra tienda. Somos de la opini\u00f3n de que la calidad es a verificarse y debe estar 100% seguro. Por ese motivo no ofrecemos el aceite de cannabis y le recomendamos que preste atenci\u00f3n cuando se utilice este tipo de aceite que desee.<\/div>\n<div><\/div>\n<div>[product_look book cat=\u00bbcategory-slug\u00bb products=\u00bb8&#8243;]<\/div>\n<h2><strong>uso seguro de CBD y efectos secundarios<\/strong><\/h2>\n<p>CBD el petr\u00f3leo es un medio seguro de que tambi\u00e9n en mayor concentraci\u00f3n (5% o 10%) bien tolerado por las personas. Asimismo, no hay efectos secundarios conocidos. \u00bfQu\u00e9 efecto de prueba diferentes dosificaciones a usted personalmente, es, sin duda, vale la pena considerar. Por favor tenga en cuenta que algunos de los productos que contienen el CDB no s\u00f3lo contienen CBD. Como es el caso que las materias CBD PR\u00d3XIMO CBD entre otras cosas tambi\u00e9n CBDA Y, por ejemplo, CBN, CBV y CBG contiene. Esto tambi\u00e9n se aplica para el aceite de muchas otras marcas y tambi\u00e9n para el CDB c\u00e1psulas. El certificado org\u00e1nico Aceite de Azoth sin embargo a este respecto es \u00fanico y contiene s\u00f3lo puro CBD. Adem\u00e1s de la opini\u00f3n de que siempre con una dosis baja de inicio, de 2 a 3 gotas por d\u00eda es a menudo suficiente para el efecto de dormir mejor, siempre que el aceite es puro y una buena concentraci\u00f3n CBD.<\/p>\n<h2><strong>CDB experiencia aceite<\/strong><\/h2>\n<p>escuchamos casi todos los d\u00edas que la gente duerme mucho mejor por el uso de la CDB. \u00bfUsted tiene tambi\u00e9n aceite cdb experiencias, por favor h\u00e1ganoslo saber para que todo el mundo tiene, sobre todo, qui\u00e9n lee aqu\u00ed su beneficio. Cualquier pregunta acerca de la CDB y el sue\u00f1o son, por supuesto, tambi\u00e9n bienvenido.<\/p>\n","protected":false},"excerpt":{"rendered":"<p>problemas para dormir? El cannabidiol CBD aceite puede ayudarle a dormir mejor Problemas de sue\u00f1o. A menudo no nos deja en absoluto si no tienes problemas con \u00e9l, pero todo el mundo duerme un promedio de un tercio de su vida. Excepto si tiene problemas para dormir. C\u00f3mo CBD de aceite, el aceite de c\u00e1\u00f1amo, [&#8230;]\n","protected":false},"author":1,"featured_media":0,"parent":0,"menu_order":0,"comment_status":"closed","ping_status":"closed","template":"","meta":{"footnotes":""},"class_list":["post-736","page","type-page","status-publish","hentry"],"_links":{"self":[{"href":"https:\/\/cbdstorespain.com\/es\/wp-json\/wp\/v2\/pages\/736","targetHints":{"allow":["GET"]}}],"collection":[{"href":"https:\/\/cbdstorespain.com\/es\/wp-json\/wp\/v2\/pages"}],"about":[{"href":"https:\/\/cbdstorespain.com\/es\/wp-json\/wp\/v2\/types\/page"}],"author":[{"embeddable":true,"href":"https:\/\/cbdstorespain.com\/es\/wp-json\/wp\/v2\/users\/1"}],"replies":[{"embeddable":true,"href":"https:\/\/cbdstorespain.com\/es\/wp-json\/wp\/v2\/comments?post=736"}],"version-history":[{"count":0,"href":"https:\/\/cbdstorespain.com\/es\/wp-json\/wp\/v2\/pages\/736\/revisions"}],"wp:attachment":[{"href":"https:\/\/cbdstorespain.com\/es\/wp-json\/wp\/v2\/media?parent=736"}],"curies":[{"name":"wp","href":"https:\/\/api.w.org\/{rel}","templated":true}]}}