{"id":752,"date":"2017-09-11T13:18:02","date_gmt":"2017-09-11T11:18:02","guid":{"rendered":"https:\/\/cbdstorespain.es\/?page_id=752\/"},"modified":"2017-09-11T13:18:02","modified_gmt":"2017-09-11T11:18:02","slug":"politica-de-privacidad","status":"publish","type":"page","link":"https:\/\/cbdstorespain.com\/es\/politica-de-privacidad\/","title":{"rendered":"Pol\u00edtica de privacidad"},"content":{"rendered":"<p><strong>Pol\u00edtica de privacidad:<\/strong><\/p>\n<p>CBDStoreSpain.es respeta la privacidad de todos los usuarios de su sitio y asegura que la informaci\u00f3n personal que usted nos proporcione ser\u00e1 tratada siempre de forma confidencial.<br \/>\nUsamos su informaci\u00f3n \u00fanicamente para los servicios que usted solicita.<\/p>\n<p><strong>Tus datos personales: <\/strong><\/p>\n<p>Nunca compartiremos su informaci\u00f3n personal sin su consentimiento no est\u00e1 disponible a terceros. Apreciamos la confianza que ustedes depositan en nosotros y<br \/>\nharemos todo lo que est\u00e9 en nuestro poder para proteger su informaci\u00f3n personal. La informaci\u00f3n personal<br \/>\ns\u00f3lo se utiliza para los servicios para los que se nos han confiado. Mediante el env\u00edo de un correo electr\u00f3nico puede eliminar sus datos.<\/p>\n<p>CBDStoreSpain.es hace uso de cookies y otras tecnolog\u00edas para la comodidad en l\u00ednea para usted para agrandar y para examinar c\u00f3mo el sitio utilizado<br \/>\npara que sobre la base de la calidad de nuestros servicios puede mejorar. Las cookies nos puede mostrar diferentes anuncios, las redes de anuncios (OA) Google Adsense anunciarse en este sitio puede<br \/>\ncolocar cookies en tu pc o puede utilizar web beacons para obtener informaci\u00f3n. CBDStoreSpain.es no tiene acceso ni control sobre esas cookies que son utilizados por los anunciantes de terceros.<\/p>\n<p>Usted debe revisar las pol\u00edticas de privacidad de estos terceros para obtener informaci\u00f3n m\u00e1s detallada acerca de su acto, y para obtener instrucciones sobre c\u00f3mo el opt-out de ciertas obras de negocios. CBDStoreSpain.es pol\u00edtica de privacidad no es<br \/>\naplicable aqu\u00ed, no tenemos control sobre las actividades de estos otros anunciantes o sitios Web.<\/p>\n<p>Cuando visita nuestro sitio web o el uso de algunos de nuestros productos, la informaci\u00f3n se almacena autom\u00e1ticamente en los servidores como URL, direcci\u00f3n IP, tipo de navegador y el idioma, y de fecha y hora de su visita.<\/p>\n<p>Nosotros usamos compa\u00f1\u00edas de publicidad de terceros para servir anuncios cuando usted visita nuestro sitio web. Estas compa\u00f1\u00edas pueden usar informaci\u00f3n (sin incluir su nombre, direcci\u00f3n, e-mail o n\u00famero de tel\u00e9fono) sobre sus visitas a este y otros sitios web para proporcionar anuncios sobre bienes y servicios de inter\u00e9s para usted. Si desea m\u00e1s informaci\u00f3n o si desea evitar esta informaci\u00f3n utilizadas por estas empresas, haga clic aqu\u00ed <a href=\"http:\/\/www.google.com\/privacy_ads.html\" target=\"_blank\" rel=\"noopener\">link<\/a>.<\/p>\n<p>Si desea desactivar las cookies, puede hacerlo a trav\u00e9s de su navegador. Informaci\u00f3n m\u00e1s detallada sobre la gesti\u00f3n de cookies con los navegadores web espec\u00edficos pueden ser encontrados en los exploradores en los sitios web.<\/p>\n<ul>\n<li><a href=\"http:\/\/Www.microsoft.com\/info\/cookies.htm\" rel=\"nofollow noopener\" target=\"_blank\">Internet Explorer<\/a><\/li>\n<li><a href=\"http:\/\/Www.mozilla.org\/projects\/security\/pki\/psm\/help_21\/using_priv_help.html\" rel=\"nofollow noopener\" target=\"_blank\">Firefox<\/a><\/li>\n<li><a href=\"http:\/\/docs.info.apple.com\/article.html?path=Safari\/2.0\/nl\/ibr30.html\" rel=\"nofollow noopener\" target=\"_blank\">Safari<\/a><\/li>\n<\/ul>\n<p>Si usted tiene sugerencias, quejas o preguntas acerca de nuestra pol\u00edtica de privacidad? Enviar un correo electr\u00f3nico a <a href=\"mailto:Info@cbdstorespain.com\">info @ cbdstorespain.com<\/a><\/p>\n","protected":false},"excerpt":{"rendered":"<p>Pol\u00edtica de privacidad: CBDStoreSpain.es respeta la privacidad de todos los usuarios de su sitio y asegura que la informaci\u00f3n personal que usted nos proporcione ser\u00e1 tratada siempre de forma confidencial. Usamos su informaci\u00f3n \u00fanicamente para los servicios que usted solicita. Tus datos personales: Nunca compartiremos su informaci\u00f3n personal sin su consentimiento no est\u00e1 disponible a [&#8230;]\n","protected":false},"author":1,"featured_media":0,"parent":0,"menu_order":0,"comment_status":"closed","ping_status":"closed","template":"","meta":{"footnotes":""},"class_list":["post-752","page","type-page","status-publish","hentry"],"_links":{"self":[{"href":"https:\/\/cbdstorespain.com\/es\/wp-json\/wp\/v2\/pages\/752","targetHints":{"allow":["GET"]}}],"collection":[{"href":"https:\/\/cbdstorespain.com\/es\/wp-json\/wp\/v2\/pages"}],"about":[{"href":"https:\/\/cbdstorespain.com\/es\/wp-json\/wp\/v2\/types\/page"}],"author":[{"embeddable":true,"href":"https:\/\/cbdstorespain.com\/es\/wp-json\/wp\/v2\/users\/1"}],"replies":[{"embeddable":true,"href":"https:\/\/cbdstorespain.com\/es\/wp-json\/wp\/v2\/comments?post=752"}],"version-history":[{"count":0,"href":"https:\/\/cbdstorespain.com\/es\/wp-json\/wp\/v2\/pages\/752\/revisions"}],"wp:attachment":[{"href":"https:\/\/cbdstorespain.com\/es\/wp-json\/wp\/v2\/media?parent=752"}],"curies":[{"name":"wp","href":"https:\/\/api.w.org\/{rel}","templated":true}]}}