{"id":756,"date":"2017-09-11T13:23:23","date_gmt":"2017-09-11T11:23:23","guid":{"rendered":"https:\/\/cbdstorespain.es\/?page_id=756\/"},"modified":"2020-06-22T13:47:19","modified_gmt":"2020-06-22T11:47:19","slug":"terms-and-conditions","status":"publish","type":"page","link":"https:\/\/cbdstorespain.com\/es\/terms-and-conditions\/","title":{"rendered":"T\u00e9rminos y Condiciones"},"content":{"rendered":"<p>Art\u00edculo 1 General<\/p>\n<p>Estos t\u00e9rminos y condiciones se aplican a cualquier uso del sitio web cbdstorespain.com ya cualquier oferta, cotizaci\u00f3n y acuerdo entre usted y CBD Store Spain.<\/p>\n<p>Informaci\u00f3n de la empresa:<br \/>\nSede:<br \/>\nCBD Store Spain &lt; Azoth CBD<br \/>\nTel: 0034 6 15 15 72 22 \u2013 09:00 \u2013 17:00<\/p>\n<p>NIF\/KVK: 66650348<br \/>\nVAT: NL002125162B75<br \/>\nAzoth CBD:<a title=\"Azoth  CBD Cannabidol\" href=\"https:\/\/www.azothcbd.nl\/\" target=\"_blank\" rel=\"noopener noreferrer\">Azoth CBD Products<\/a><br \/>\nZadelmakerstraat 68A,<br \/>\n1991 JE Velserbroek<\/p>\n<p>info@cbdstorespain.com<\/p>\n<p>Art\u00edculo 2 Ofertas<\/p>\n<p>Todas las ofertas en el sitio web est\u00e1n libres de obligaci\u00f3n, a menos que se indique expresamente lo contrario. Las ofertas no se aplican autom\u00e1ticamente para pedidos de restablecimiento. Adem\u00e1s, las ofertas no se pueden devolver.<\/p>\n<p>CBD Store Spain No se puede mantener al d\u00eda si usted hubiera podido razonablemente haber entendido que la oferta contiene un error manifiesto o una descripci\u00f3n.<\/p>\n<p>Los precios cotizados en el sitio web incluyen IVA y otros cargos gubernamentales.<\/p>\n<p>Datos del art\u00edculo 3<br \/>\nDebe asegurarse de que su informaci\u00f3n incluyendo, pero no limitado a, direcci\u00f3n de correo electr\u00f3nico, direcci\u00f3n y n\u00famero de cuenta bancaria sea completa, precisa y actualizada. Usted tambi\u00e9n garantiza que usted es legalmente competente en cualquier forma de usar el sitio web.<\/p>\n<p>CBD Store Espa\u00f1a garantiza que todos sus datos se procesan con el m\u00e1ximo cuidado y que estos datos no ser\u00e1n transmitidos, revendidos o puestos a disposici\u00f3n de terceros sin su consentimiento previo.<\/p>\n<p>CBD Store Spain procesar\u00e1 y registrar\u00e1 sus datos en su archivo para cumplir con sus obligaciones derivadas del acuerdo que ha concluido con usted y \/ o procesar su solicitud. Adem\u00e1s, su direcci\u00f3n de correo electr\u00f3nico puede ser utilizada para informarle acerca de ciertos productos y servicios que pueden ser atractivos para usted a menos que usted haya dado permiso.<\/p>\n<p>Siempre puede ver y editar su propia informaci\u00f3n en el sitio web.<\/p>\n<p>Art\u00edculo 4 Conclusi\u00f3n del Acuerdo<br \/>\nEl acuerdo se crea mediante el recibo de CBD Store Espa\u00f1a de su pedido.<\/p>\n<p>Cambiar un acuerdo solo es posible si es aceptado expl\u00edcitamente por CBD Store Spain.<\/p>\n<p>Art\u00edculo 5 Entrega<br \/>\nNos esforzamos para que su pedido sea entregado al d\u00eda siguiente. Debido a que no tenemos tiendas f\u00edsicas, puede ser cuando ordene varios productos que est\u00e1n en ambas tiendas. Entonces necesitamos un d\u00eda adicional para combinar los pedidos para enviarlos correctamente.<\/p>\n<p>Se le exige que compre los productos comprados en el momento en que est\u00e9n disponibles para usted.<\/p>\n<p>Si declina o descuida la entrega de informaci\u00f3n o instrucciones necesarias para la entrega, los productos destinados a la entrega se almacenar\u00e1n para su riesgo y cuenta.<\/p>\n<p>Si ha introducido una direcci\u00f3n incorrecta para la entrega, los costes de env\u00edo adicionales ser\u00e1n para su propia cuenta.<\/p>\n<p>Si excede el plazo m\u00e1ximo de 14 d\u00edas de entrega, tiene derecho a rescindir el contrato. Para ello, env\u00ede un correo electr\u00f3nico o carta a CBD Store Espa\u00f1a. Cualquier pago se le devolver\u00e1 dentro de 14 d\u00edas, despu\u00e9s de la recepci\u00f3n del producto en CBD Store Espa\u00f1a.<\/p>\n<p>Si no est\u00e1 permitido importar los productos a su pa\u00eds, usted mismo asume el riesgo y la responsabilidad. Si hay una destrucci\u00f3n o incautaci\u00f3n por parte de la aduana, estos costos son para usted y no es posible realizar un reembolso. Por lo tanto, no somos responsables de esto y esta regla es una excepci\u00f3n al Art\u00edculo 10.<\/p>\n<p>Art\u00edculo 6 Pago<br \/>\nDurante la celebraci\u00f3n del contrato usted determina c\u00f3mo se realizar\u00e1 el pago. Por ejemplo, puede optar por pagar a trav\u00e9s de Ideal.<\/p>\n<p>CBD Store Espa\u00f1a solo continuar\u00e1 entregando el producto cuando el pago haya sido recibido por ella.<\/p>\n<p>Art\u00edculo 7 Retenci\u00f3n de la propiedad CBD Store Espa\u00f1a seguir\u00e1 siendo propiedad del producto entregado hasta que el precio de compra se cumpla plenamente.&amp; nbsp;<br \/>\nArt\u00edculo 8 Garant\u00edas<\/p>\n<p>CBD Store Spain garantiza que los productos a entregar cumplen con las especificaciones especificadas en el sitio web.<\/p>\n<p>Debe investigar el producto entregado en el momento de la entrega, pero en cualquier caso, dentro del plazo m\u00e1s breve posible. Adem\u00e1s, debe investigar si la calidad y la cantidad de las mercanc\u00edas entregadas corresponden a lo que se ha acordado, al menos cumple con los requisitos que se aplican al tr\u00e1fico normal (comercial).<\/p>\n<p>Si dentro de los 14 d\u00edas de la entrega, los productos no cumplen con las especificaciones especificadas en el sitio web, CBD Store Espa\u00f1a se asegurar\u00e1 de que la cantidad pagada por usted ser\u00e1 devuelta dentro de 14 d\u00edas de la recepci\u00f3n de los productos. Tambi\u00e9n puede reemplazar o restaurar las solicitudes del producto en su propio derecho, por CBD Store Espa\u00f1a. Este per\u00edodo de garant\u00eda es s\u00f3lo m\u00e1s largo si el fabricante del producto en cuesti\u00f3n ofrece una garant\u00eda de m\u00e1s de 14 d\u00edas.<\/p>\n<p>Tras el per\u00edodo de garant\u00eda a que se refiere el art\u00edculo 9.3, CBD Store Espa\u00f1a tiene derecho a cobrar todos los gastos de reparaci\u00f3n o sustituci\u00f3n, incluidos gastos de administraci\u00f3n, env\u00edo y manipulaci\u00f3n.<\/p>\n<p>La garant\u00eda mencionada en este art\u00edculo expira cuando el defecto es causado por un uso incorrecto o inapropiado o cuando, sin el permiso por escrito de CBD Store Spain, usted o terceros han realizado cambios o han intentado realizar cambios en el producto o uso para los fines para los cuales el producto no est\u00e1 destinado.<\/p>\n<p>Art\u00edculo 9 Responsabilidad<br \/>\nSi los productos entregados por CBD Store Spain son defectuosos, la responsabilidad de CBD Store Spain respecto a usted se limita a lo que se rige por el art\u00edculo 8 (Garant\u00edas) en estos T\u00e9rminos y condiciones.<\/p>\n<p>La responsabilidad de CBD Store Spain por da\u00f1os directos o indirectos se limita en todo caso a un importe igual al precio de compra del producto defectuoso, a menos que el da\u00f1o se deba a negligencia intencional y \/ o negligencia grave o uso nocivo o impropio por t\u00ed mismo.<\/p>\n<p>CBD Store Espa\u00f1a excluye cualquier responsabilidad por cualquier da\u00f1o, directo o indirecto, en cualquier forma que se derive de la imposibilidad de utilizar el sitio web, el hecho de que cierta informaci\u00f3n en el sitio web es incorrecta, incompleta o falsa y el uso ilegal de los sistemas de CBD Store Spain, incluyendo el sitio web, por un tercero.<\/p>\n<p>La limitaci\u00f3n de responsabilidad por da\u00f1os directos y \/ o indirectos contenidos en estos T\u00e9rminos y Condiciones no se aplicar\u00e1 si el da\u00f1o se debe a una intenci\u00f3n o negligencia grave de CBD Store Spain o de sus subordinados.<\/p>\n<p>Art\u00edculo 10 Riesgo durante el transporte<br \/>\nDurante el env\u00edo de los productos, CBD Store Spain estar\u00e1 en riesgo en caso de da\u00f1os, robo o p\u00e9rdida de productos. En el momento de la entrega de los productos, este riesgo le pasar\u00e1 a usted. CBD Store Spain no asume ning\u00fan riesgo si los productos son destruidos o confiscados por la aduana, por lo que usted corre el riesgo.<\/p>\n<p>&amp; nbsp; Art\u00edculo 11 Per\u00edodo de enfriamiento<br \/>\nTiene derecho a disolver el acuerdo dentro de los 14 d\u00edas siguientes a la recepci\u00f3n del producto en cuesti\u00f3n. CBD Store Espa\u00f1a devolver\u00e1 la cantidad pagada por usted en un plazo de 14 d\u00edas a partir de la recepci\u00f3n del producto devuelto, siempre y cuando el producto en cuesti\u00f3n no est\u00e9 da\u00f1ado o est\u00e9 claramente utilizado o corregido y se proporcione el embalaje original y las piezas que lo acompa\u00f1an.<\/p>\n<p>El coste de devoluci\u00f3n del producto afectado ser\u00e1 por cuenta propia.<\/p>\n<p>&amp; nbsp; Art\u00edculo 12 Legislaci\u00f3n Aplicable y Controversias<br \/>\nTodas las relaciones jur\u00eddicas en las que el Usuario es parte se rigen exclusivamente por la legislaci\u00f3n holandesa, incluso si un compromiso se hace en todo o en parte en el extranjero o si la parte involucrada en la relaci\u00f3n jur\u00eddica es residente all\u00ed. Queda excluida la aplicabilidad del Convenio de Viena.<\/p>\n<p>Las partes primero apelar\u00e1n ante el tribunal despu\u00e9s de intentar resolver una disputa de mutuo acuerdo.<\/p>\n<p>&amp; nbsp; Art\u00edculo 13 Pago<br \/>\nDurante la celebraci\u00f3n del contrato, usted determina c\u00f3mo se realizar\u00e1 el pago. Por ejemplo, puede optar por pagar con Ideal o transferirlo a la cuenta CBD Store Spain.<\/p>\n<p>CBD Store Espa\u00f1a solo continuar\u00e1 entregando el producto cuando el pago haya sido recibido por ella.<\/p>\n<p>&amp; nbsp; Art\u00edculo 14 Derechos de Propiedad Intelectual<br \/>\nLos derechos de propiedad intelectual relacionados con el sitio web, incluidos los derechos sobre los textos, las im\u00e1genes, el dise\u00f1o, los archivos de datos, las im\u00e1genes y otros (a\u00fan y \/ o en movimiento) im\u00e1genes, formatos, software, marcas (incluidos los nombres de dominio) pertenecen a CBD Store Spain, sus licenciantes, los fabricantes de los respectivos productos y \/ o terceros a los que CBD Store Espa\u00f1a no est\u00e1 afiliada.<\/p>\n<p>Usted no puede, de ninguna manera, poner a disposici\u00f3n de terceros y \/ o reproducir el Sitio Web de ning\u00fan Sitio Web, excepto descarg\u00e1ndolo y visualiz\u00e1ndolo en un solo ordenador y \/ o imprimiendo una copia impresa.<\/p>\n<p>Adem\u00e1s, no podr\u00e1 realizar cambios en los productos entregados, a menos que se acuerde otra cosa o se acuerde de otra forma por escrito.<\/p>\n<p>S\u00f3lo puede hacer un hiperv\u00ednculo al sitio web si esto sucede con fines puramente informativos. Por lo tanto, est\u00e1 prohibido el suministro de un hiperv\u00ednculo para cualquier otro prop\u00f3sito, como un objetivo comercial.<\/p>\n<p>&amp; nbsp; Art\u00edculo 15 Fuerza Mayor Las partes no est\u00e1n obligadas a cumplir ninguna obligaci\u00f3n si se ven obstaculizadas como consecuencia de una circunstancia que no se debe a su culpa y ni por ley ni por ley.<br \/>\n&amp; nbsp;<\/p>\n<p>Art\u00edculo 16 Diversos<\/p>\n<p>Cualquier desviaci\u00f3n de estos T\u00e9rminos y Condiciones solo podr\u00e1 ser acordada por escrito. Dichas desviaciones no pueden derivarse de derechos relacionados con derechos adquiridos posteriores.<\/p>\n<p>La administraci\u00f3n de CBD Store Spain se aplica, excepto contra-prueba, como prueba de sus solicitudes y \/ o pedidos realizados. Usted reconoce que las comunicaciones electr\u00f3nicas pueden servir como prueba.<\/p>\n<p>CBD Store Espa\u00f1a tiene derecho a transferirle los derechos y obligaciones del acuerdo con usted mediante una sola notificaci\u00f3n.<\/p>\n<p>Si y en la medida en que cualquier disposici\u00f3n de los T\u00e9rminos y Condiciones Generales sea anulada o destruida, las restantes disposiciones de estos T\u00e9rminos y Condiciones permanecer\u00e1n en vigor. CBD Store Espa\u00f1a adoptar\u00e1 una nueva disposici\u00f3n para sustituir la disposici\u00f3n nula y sin efecto, cumpliendo lo m\u00e1s posible las disposiciones de la cl\u00e1usula de nulidad.<\/p>\n<p>&amp; nbsp; Art\u00edculo 17 Ley Aplicable y Juez Competente Estos T\u00e9rminos y Condiciones se aplican a la legislaci\u00f3n espa\u00f1ola. Todas las disputas posibles ser\u00e1n sometidas al tribunal competente en Javea. Estos T\u00e9rminos y Condiciones pueden ser modificados por CBD Store Spain en cualquier momento. Por lo tanto, CBD Store Spain recomienda revisar los T\u00e9rminos y Condiciones de forma regular.<br \/>\nFormulario de cancelaci\u00f3n<br \/>\nEl formulario del modelo se puede descargar aqu\u00ed<\/p>\n","protected":false},"excerpt":{"rendered":"<p>Art\u00edculo 1 General Estos t\u00e9rminos y condiciones se aplican a cualquier uso del sitio web cbdstorespain.com ya cualquier oferta, cotizaci\u00f3n y acuerdo entre usted y CBD Store Spain. Informaci\u00f3n de la empresa: Sede: CBD Store Spain &lt; Azoth CBD Tel: 0034 6 15 15 72 22 \u2013 09:00 \u2013 17:00 NIF\/KVK: 66650348 VAT: NL002125162B75 Azoth [&#8230;]\n","protected":false},"author":1,"featured_media":0,"parent":0,"menu_order":0,"comment_status":"closed","ping_status":"closed","template":"","meta":{"footnotes":""},"class_list":["post-756","page","type-page","status-publish","hentry"],"_links":{"self":[{"href":"https:\/\/cbdstorespain.com\/es\/wp-json\/wp\/v2\/pages\/756","targetHints":{"allow":["GET"]}}],"collection":[{"href":"https:\/\/cbdstorespain.com\/es\/wp-json\/wp\/v2\/pages"}],"about":[{"href":"https:\/\/cbdstorespain.com\/es\/wp-json\/wp\/v2\/types\/page"}],"author":[{"embeddable":true,"href":"https:\/\/cbdstorespain.com\/es\/wp-json\/wp\/v2\/users\/1"}],"replies":[{"embeddable":true,"href":"https:\/\/cbdstorespain.com\/es\/wp-json\/wp\/v2\/comments?post=756"}],"version-history":[{"count":0,"href":"https:\/\/cbdstorespain.com\/es\/wp-json\/wp\/v2\/pages\/756\/revisions"}],"wp:attachment":[{"href":"https:\/\/cbdstorespain.com\/es\/wp-json\/wp\/v2\/media?parent=756"}],"curies":[{"name":"wp","href":"https:\/\/api.w.org\/{rel}","templated":true}]}}