{"id":1077,"date":"2018-02-07T15:37:18","date_gmt":"2018-02-07T14:37:19","guid":{"rendered":"https:\/\/cbdstorespain.es\/?post_type=product&#038;p=1077"},"modified":"2020-12-17T10:47:42","modified_gmt":"2020-12-17T09:47:42","slug":"azoth-aceite-20-cbd-raw","status":"publish","type":"product","link":"https:\/\/cbdstorespain.com\/es\/shop\/azoth-aceite-20-cbd-raw\/","title":{"rendered":"Azoth Aceite 20% CBD RAW"},"content":{"rendered":"<h1><strong>Sobre AZOTH\u00ae 20% RAW<\/strong><\/h1>\n<p>AZOTH\u00ae 20% RAW aceite CBD org\u00e1nico y libre de THC es un innovador suplemento nutricional crecido en campos de c\u00e1\u00f1amo org\u00e1nico. AZOTH\u00ae 20% RAW contiene 20% extracto de c\u00e1\u00f1amo puro combinado con libre de THC. (Mire el informe de prueba). Resuelto en una neutral base de aceite org\u00e1nico.<\/p>\n<p>AZOTH\u00ae es conveniente para suplir la nutrici\u00f3n.<\/p>\n<p><strong>Ingredientes:<\/strong><\/p>\n<ul>\n<li>Cold pressed hemp oil<\/li>\n<li>Extracto de Cannabidiol<\/li>\n<li>0% THC &#8211; Free of THC<\/li>\n<\/ul>\n<p>Extracto de cannabidiol 2000 mg<\/p>\n<p><strong>Capacidad:<\/strong><\/p>\n<ul>\n<li>10ml (+\/- 200 drops)<\/li>\n<li>1 gota contiene 10 mg de CBD<\/li>\n<\/ul>\n<p><strong>Cantidad recomendada:<\/strong><\/p>\n<ul>\n<li>2\/3 veces por d\u00eda, max. 8 gotas como suplemento nutricional<\/li>\n<li>coloca gotas debajo de la lengua para 60 segundos y despues tragalos<\/li>\n<li>1 gota contiene 10 mg de CBD<\/li>\n<li>Almacenar en sitio seco y fresco<\/li>\n<li>Ag\u00edtese antes de usar<\/li>\n<\/ul>\n<p><strong>No recomendado:<\/strong><\/p>\n<p>Aunque no est\u00e1n demostrados los efectos secundarios de CBD, todav\u00eda no es recomendado para:<\/p>\n<ul>\n<li>mujeres embarazadas<\/li>\n<li>mujeres lactantes<\/li>\n<li>ni\u00f1os<\/li>\n<li>Excedar la cantidad recomendada<\/li>\n<\/ul>\n<p><strong>Descargue el informe de prueba de AZOTH\u00ae 20% RAW<\/strong><\/p>\n<p><a href=\"\/\/cbdstorespain.com\/content\/uploads\/2020\/03\/azoth-20procent-raw-20-212x300.jpg\"><picture><source srcset=\"https:\/\/cbdstorespain.com\/content\/uploads\/2020\/03\/azoth-20procent-raw-20-212x300.jpg.webp 212w, https:\/\/cbdstorespain.com\/content\/uploads\/2020\/03\/azoth-20procent-raw-20-723x1024.jpg.webp 723w, https:\/\/cbdstorespain.com\/content\/uploads\/2020\/03\/azoth-20procent-raw-20-768x1088.jpg.webp 768w, https:\/\/cbdstorespain.com\/content\/uploads\/2020\/03\/azoth-20procent-raw-20-1084x1536.jpg.webp 1084w, https:\/\/cbdstorespain.com\/content\/uploads\/2020\/03\/azoth-20procent-raw-20-1445x2048.jpg.webp 1445w, https:\/\/cbdstorespain.com\/content\/uploads\/2020\/03\/azoth-20procent-raw-20-185x262.jpg.webp 185w, https:\/\/cbdstorespain.com\/content\/uploads\/2020\/03\/azoth-20procent-raw-20-600x850.jpg.webp 600w, https:\/\/cbdstorespain.com\/content\/uploads\/2020\/03\/azoth-20procent-raw-20-scaled.jpg.webp 1807w\" sizes=\"auto, (max-width: 212px) 100vw, 212px\" type=\"image\/webp\"><img loading=\"lazy\" decoding=\"async\" class=\"size-medium wp-image-3353 aligncenter webpexpress-processed\" src=\"\/\/cbdstorespain.com\/content\/uploads\/2020\/03\/azoth-20procent-raw-20-212x300.jpg\" alt=\"\" width=\"212\" height=\"300\" srcset=\"https:\/\/cbdstorespain.com\/content\/uploads\/2020\/03\/azoth-20procent-raw-20-212x300.jpg 212w, https:\/\/cbdstorespain.com\/content\/uploads\/2020\/03\/azoth-20procent-raw-20-723x1024.jpg 723w, https:\/\/cbdstorespain.com\/content\/uploads\/2020\/03\/azoth-20procent-raw-20-768x1088.jpg 768w, https:\/\/cbdstorespain.com\/content\/uploads\/2020\/03\/azoth-20procent-raw-20-1084x1536.jpg 1084w, https:\/\/cbdstorespain.com\/content\/uploads\/2020\/03\/azoth-20procent-raw-20-1445x2048.jpg 1445w, https:\/\/cbdstorespain.com\/content\/uploads\/2020\/03\/azoth-20procent-raw-20-185x262.jpg 185w, https:\/\/cbdstorespain.com\/content\/uploads\/2020\/03\/azoth-20procent-raw-20-600x850.jpg 600w, https:\/\/cbdstorespain.com\/content\/uploads\/2020\/03\/azoth-20procent-raw-20-scaled.jpg 1807w\" sizes=\"auto, (max-width: 212px) 100vw, 212px\"><\/picture><\/a><\/p>\n","protected":false},"excerpt":{"rendered":"<p>Sobre AZOTH\u00ae 20% RAW AZOTH\u00ae 20% RAW aceite CBD org\u00e1nico y libre de THC es un innovador suplemento nutricional crecido en campos de c\u00e1\u00f1amo org\u00e1nico. AZOTH\u00ae 20% RAW contiene 20% extracto de c\u00e1\u00f1amo puro combinado con libre de THC. (Mire el informe de prueba). Resuelto en una neutral base de aceite org\u00e1nico. AZOTH\u00ae es conveniente [&#8230;]\n","protected":false},"featured_media":1119,"template":"","meta":[],"product_brand":[],"product_cat":[731],"product_tag":[],"class_list":{"0":"post-1077","1":"product","2":"type-product","3":"status-publish","4":"has-post-thumbnail","6":"product_cat-azoth-aceite-cbd","8":"first","9":"instock","10":"taxable","11":"shipping-taxable","12":"purchasable","13":"product-type-simple"},"_links":{"self":[{"href":"https:\/\/cbdstorespain.com\/es\/wp-json\/wp\/v2\/product\/1077","targetHints":{"allow":["GET"]}}],"collection":[{"href":"https:\/\/cbdstorespain.com\/es\/wp-json\/wp\/v2\/product"}],"about":[{"href":"https:\/\/cbdstorespain.com\/es\/wp-json\/wp\/v2\/types\/product"}],"wp:featuredmedia":[{"embeddable":true,"href":"https:\/\/cbdstorespain.com\/es\/wp-json\/wp\/v2\/media\/1119"}],"wp:attachment":[{"href":"https:\/\/cbdstorespain.com\/es\/wp-json\/wp\/v2\/media?parent=1077"}],"wp:term":[{"taxonomy":"product_brand","embeddable":true,"href":"https:\/\/cbdstorespain.com\/es\/wp-json\/wp\/v2\/product_brand?post=1077"},{"taxonomy":"product_cat","embeddable":true,"href":"https:\/\/cbdstorespain.com\/es\/wp-json\/wp\/v2\/product_cat?post=1077"},{"taxonomy":"product_tag","embeddable":true,"href":"https:\/\/cbdstorespain.com\/es\/wp-json\/wp\/v2\/product_tag?post=1077"}],"curies":[{"name":"wp","href":"https:\/\/api.w.org\/{rel}","templated":true}]}}