{"id":4192,"date":"2020-11-04T12:24:59","date_gmt":"2020-11-04T11:24:59","guid":{"rendered":"https:\/\/cbdstorespain.com\/?post_type=product&#038;p=4192"},"modified":"2020-12-17T10:47:35","modified_gmt":"2020-12-17T09:47:35","slug":"azoth-aceite-30-cbd-raw","status":"publish","type":"product","link":"https:\/\/cbdstorespain.com\/es\/shop\/azoth-aceite-30-cbd-raw\/","title":{"rendered":"Azoth Aceite 30% CBD RAW"},"content":{"rendered":"<h1><strong>Sobre AZOTH\u00ae 30% RAW<\/strong><\/h1>\n<p>AZOTH\u00ae 30% RAW aceite CBD org\u00e1nico y libre de THC es un innovador suplemento nutricional crecido en campos de c\u00e1\u00f1amo org\u00e1nico. AZOTH\u00ae 30% RAW contiene 30% extracto de c\u00e1\u00f1amo puro combinado con libre de THC. (Mire el informe de prueba). Resuelto en una neutral base de aceite org\u00e1nico.<\/p>\n<p>AZOTH\u00ae es conveniente para suplir la nutrici\u00f3n.<\/p>\n<p><strong>Ingredientes:<\/strong><\/p>\n<ul>\n<li>Cold pressed hemp oil<\/li>\n<li>Extracto de Cannabidiol<\/li>\n<li>0% THC &#8211; Free of THC<\/li>\n<\/ul>\n<p>Extracto de cannabidiol 3000 mg<\/p>\n<p><strong>Capacidad:<\/strong><\/p>\n<ul>\n<li>10ml (+\/- 200 drops)<\/li>\n<li>1 gota contiene 15 mg de CBD<\/li>\n<\/ul>\n<p><strong>Cantidad recomendada:<\/strong><\/p>\n<ul>\n<li>1 gota contiene 15 mg de CBD<\/li>\n<li>Almacenar en sitio seco y fresco<\/li>\n<li>Ag\u00edtese antes de usar<\/li>\n<\/ul>\n<p><strong>No recomendado:<\/strong><\/p>\n<p>Aunque no est\u00e1n demostrados los efectos secundarios de CBD, todav\u00eda no es recomendado para:<\/p>\n<ul>\n<li>mujeres embarazadas<\/li>\n<li>mujeres lactantes<\/li>\n<li>ni\u00f1os<\/li>\n<li>Excedar la cantidad recomendada<\/li>\n<\/ul>\n","protected":false},"excerpt":{"rendered":"<p>Sobre AZOTH\u00ae 30% RAW AZOTH\u00ae 30% RAW aceite CBD org\u00e1nico y libre de THC es un innovador suplemento nutricional crecido en campos de c\u00e1\u00f1amo org\u00e1nico. AZOTH\u00ae 30% RAW contiene 30% extracto de c\u00e1\u00f1amo puro combinado con libre de THC. (Mire el informe de prueba). Resuelto en una neutral base de aceite org\u00e1nico. AZOTH\u00ae es conveniente [&#8230;]\n","protected":false},"featured_media":4197,"template":"","meta":[],"product_brand":[],"product_cat":[731],"product_tag":[],"class_list":{"0":"post-4192","1":"product","2":"type-product","3":"status-publish","4":"has-post-thumbnail","6":"product_cat-azoth-aceite-cbd","8":"first","9":"instock","10":"taxable","11":"shipping-taxable","12":"purchasable","13":"product-type-simple"},"_links":{"self":[{"href":"https:\/\/cbdstorespain.com\/es\/wp-json\/wp\/v2\/product\/4192","targetHints":{"allow":["GET"]}}],"collection":[{"href":"https:\/\/cbdstorespain.com\/es\/wp-json\/wp\/v2\/product"}],"about":[{"href":"https:\/\/cbdstorespain.com\/es\/wp-json\/wp\/v2\/types\/product"}],"wp:featuredmedia":[{"embeddable":true,"href":"https:\/\/cbdstorespain.com\/es\/wp-json\/wp\/v2\/media\/4197"}],"wp:attachment":[{"href":"https:\/\/cbdstorespain.com\/es\/wp-json\/wp\/v2\/media?parent=4192"}],"wp:term":[{"taxonomy":"product_brand","embeddable":true,"href":"https:\/\/cbdstorespain.com\/es\/wp-json\/wp\/v2\/product_brand?post=4192"},{"taxonomy":"product_cat","embeddable":true,"href":"https:\/\/cbdstorespain.com\/es\/wp-json\/wp\/v2\/product_cat?post=4192"},{"taxonomy":"product_tag","embeddable":true,"href":"https:\/\/cbdstorespain.com\/es\/wp-json\/wp\/v2\/product_tag?post=4192"}],"curies":[{"name":"wp","href":"https:\/\/api.w.org\/{rel}","templated":true}]}}