{"id":718,"date":"2017-07-26T16:59:18","date_gmt":"2017-09-11T10:42:11","guid":{"rendered":"https:\/\/cbdstorespain.es\/?post_type=product&#038;p=718\/"},"modified":"2020-03-10T13:34:27","modified_gmt":"2020-03-10T12:34:27","slug":"azoth-cbd-balsamo","status":"publish","type":"product","link":"https:\/\/cbdstorespain.com\/es\/shop\/azoth-cbd-balsamo\/","title":{"rendered":"Azoth CBD b\u00e1lsamo"},"content":{"rendered":"<h2>Beneficioso C\u00e1\u00f1amo\/CBD b\u00e1lsamo &#8211; 100% natural y org\u00e1nico<\/h2>\n<p><strong>Puede ayudar con:<\/strong><\/p>\n<p>Acne \u2013 Psoriasis \u2013 Arrugas \u2013 Eczema \u2013 Hinchazones \u2013 Picazones \u2013Tenciones musculares &#8211; Dolor de las articulaciones \u2013 Picor &#8211; Picaduras de insectos \u2013 Dolor \u2013 Dolores m\u00fasculares \u2013 Cut\u00e1nea \u2013 Alergias \u2013 Piel seca &#8211; Hemorroides<\/p>\n<p>&nbsp;<\/p>\n<p><strong>Modo de empleo:<\/strong><\/p>\n<p>El b\u00e1lsamo de CBD es conveniente para el uso diario en cada tipo de piel, especialmente conveniente para pieles sensibles.<\/p>\n<p>Frote el b\u00e1lsamo de CBD en la\u00a0punto a tratar, con movimientos de masaje. Dependiendo de la gravedad de las denuncias, se puede repetir este tratamiento unas veces al d\u00eda.<\/p>\n<p>&nbsp;<\/p>\n<p><strong>Composici\u00f3n:<\/strong><\/p>\n<p>El b\u00e1lsamo se compone de extracto puro de la CBD, diluido con aceites naturales, grasas y cera de abejas, as\u00ed que los ingredientes activos pueden ser bien absorbidos por la piel. S\u00f3lo para uso externo.<\/p>\n<p>&nbsp;<\/p>\n<p>Capacidad: \u00a0 30 ml<\/p>\n<p><a href=\"https:\/\/cbdstorespain.com\/content\/uploads\/2020\/03\/azoth-2procent-balsem-pure-20-scaled.jpg\"><picture><source srcset=\"https:\/\/cbdstorespain.com\/content\/uploads\/2020\/03\/azoth-2procent-balsem-pure-20-212x300.jpg.webp 212w, https:\/\/cbdstorespain.com\/content\/uploads\/2020\/03\/azoth-2procent-balsem-pure-20-723x1024.jpg.webp 723w, https:\/\/cbdstorespain.com\/content\/uploads\/2020\/03\/azoth-2procent-balsem-pure-20-768x1088.jpg.webp 768w, https:\/\/cbdstorespain.com\/content\/uploads\/2020\/03\/azoth-2procent-balsem-pure-20-1084x1536.jpg.webp 1084w, https:\/\/cbdstorespain.com\/content\/uploads\/2020\/03\/azoth-2procent-balsem-pure-20-1445x2048.jpg.webp 1445w, https:\/\/cbdstorespain.com\/content\/uploads\/2020\/03\/azoth-2procent-balsem-pure-20-185x262.jpg.webp 185w, https:\/\/cbdstorespain.com\/content\/uploads\/2020\/03\/azoth-2procent-balsem-pure-20-600x850.jpg.webp 600w, https:\/\/cbdstorespain.com\/content\/uploads\/2020\/03\/azoth-2procent-balsem-pure-20-scaled.jpg.webp 1807w\" sizes=\"auto, (max-width: 212px) 100vw, 212px\" type=\"image\/webp\"><img loading=\"lazy\" decoding=\"async\" class=\"size-medium wp-image-3314 aligncenter webpexpress-processed\" src=\"\/\/cbdstorespain.com\/content\/uploads\/2020\/03\/azoth-2procent-balsem-pure-20-212x300.jpg\" alt=\"\" width=\"212\" height=\"300\" srcset=\"https:\/\/cbdstorespain.com\/content\/uploads\/2020\/03\/azoth-2procent-balsem-pure-20-212x300.jpg 212w, https:\/\/cbdstorespain.com\/content\/uploads\/2020\/03\/azoth-2procent-balsem-pure-20-723x1024.jpg 723w, https:\/\/cbdstorespain.com\/content\/uploads\/2020\/03\/azoth-2procent-balsem-pure-20-768x1088.jpg 768w, https:\/\/cbdstorespain.com\/content\/uploads\/2020\/03\/azoth-2procent-balsem-pure-20-1084x1536.jpg 1084w, https:\/\/cbdstorespain.com\/content\/uploads\/2020\/03\/azoth-2procent-balsem-pure-20-1445x2048.jpg 1445w, https:\/\/cbdstorespain.com\/content\/uploads\/2020\/03\/azoth-2procent-balsem-pure-20-185x262.jpg 185w, https:\/\/cbdstorespain.com\/content\/uploads\/2020\/03\/azoth-2procent-balsem-pure-20-600x850.jpg 600w, https:\/\/cbdstorespain.com\/content\/uploads\/2020\/03\/azoth-2procent-balsem-pure-20-scaled.jpg 1807w\" sizes=\"auto, (max-width: 212px) 100vw, 212px\"><\/picture><\/a><\/p>\n","protected":false},"excerpt":{"rendered":"<p>Beneficioso C\u00e1\u00f1amo\/CBD b\u00e1lsamo &#8211; 100% natural y org\u00e1nico Puede ayudar con: Acne \u2013 Psoriasis \u2013 Arrugas \u2013 Eczema \u2013 Hinchazones \u2013 Picazones \u2013Tenciones musculares &#8211; Dolor de las articulaciones \u2013 Picor &#8211; Picaduras de insectos \u2013 Dolor \u2013 Dolores m\u00fasculares \u2013 Cut\u00e1nea \u2013 Alergias \u2013 Piel seca &#8211; Hemorroides &nbsp; Modo de empleo: El b\u00e1lsamo [&#8230;]\n","protected":false},"featured_media":1610,"template":"","meta":[],"product_brand":[],"product_cat":[732],"product_tag":[],"class_list":{"0":"post-718","1":"product","2":"type-product","3":"status-publish","4":"has-post-thumbnail","6":"product_cat-otros-productos-cbd","8":"first","9":"instock","10":"taxable","11":"shipping-taxable","12":"purchasable","13":"product-type-simple"},"_links":{"self":[{"href":"https:\/\/cbdstorespain.com\/es\/wp-json\/wp\/v2\/product\/718","targetHints":{"allow":["GET"]}}],"collection":[{"href":"https:\/\/cbdstorespain.com\/es\/wp-json\/wp\/v2\/product"}],"about":[{"href":"https:\/\/cbdstorespain.com\/es\/wp-json\/wp\/v2\/types\/product"}],"wp:featuredmedia":[{"embeddable":true,"href":"https:\/\/cbdstorespain.com\/es\/wp-json\/wp\/v2\/media\/1610"}],"wp:attachment":[{"href":"https:\/\/cbdstorespain.com\/es\/wp-json\/wp\/v2\/media?parent=718"}],"wp:term":[{"taxonomy":"product_brand","embeddable":true,"href":"https:\/\/cbdstorespain.com\/es\/wp-json\/wp\/v2\/product_brand?post=718"},{"taxonomy":"product_cat","embeddable":true,"href":"https:\/\/cbdstorespain.com\/es\/wp-json\/wp\/v2\/product_cat?post=718"},{"taxonomy":"product_tag","embeddable":true,"href":"https:\/\/cbdstorespain.com\/es\/wp-json\/wp\/v2\/product_tag?post=718"}],"curies":[{"name":"wp","href":"https:\/\/api.w.org\/{rel}","templated":true}]}}