{"id":723,"date":"2017-08-07T15:07:15","date_gmt":"2017-09-11T10:53:33","guid":{"rendered":"https:\/\/cbdstorespain.es\/?post_type=product&#038;p=723\/"},"modified":"2020-03-10T13:35:46","modified_gmt":"2020-03-10T12:35:46","slug":"azoth-2-pure-cbd-capsulas-60-st","status":"publish","type":"product","link":"https:\/\/cbdstorespain.com\/es\/shop\/azoth-2-pure-cbd-capsulas-60-st\/","title":{"rendered":"Azoth 2% Pure CBD c\u00e1psulas 60 st."},"content":{"rendered":"<h1><strong>Sobre AZOTH\u00ae 2% c\u00e1psulas<\/strong><\/h1>\n<p>AZOTH\u00ae 2% CBD c\u00e1psulas org\u00e1nico y libre de THC es un innovador suplemento nutricional crecido en campos de c\u00e1\u00f1amo org\u00e1nico. AZOTH\u00ae 2% contiene 2% extracto de c\u00e1\u00f1amo puro combinado con vitamina C, E y D, libre de THC. (Mire el informe de prueba) Resuelto en una neutral base de aceite org\u00e1nico.<\/p>\n<p>AZOTH\u00ae 2% es conveniente para suplir la nutrici\u00f3n muscular, mejora de la fatiga f\u00edsica y mejorar esfuerzos f\u00edsicos. Apoya la producci\u00f3n de col\u00e1geno en periodos de estr\u00e9s o en la p\u00e9rdida de col\u00e1geno debido a envejecimiento.<\/p>\n<p>El complejo de Vitamina C en este aceite contribuye significativamente a la actividad muscular normal, un metabolismo normal de la energ\u00eda, reducir la fatiga, una producci\u00f3n normal de col\u00e1geno y a un funcionamiento \u00f3ptimo de los huesos, cart\u00edlago y m\u00fasculos. La vitamina D contribuye a la absorci\u00f3n normal de calcio y f\u00f3sforo, importante para huesos y articulaciones sanos. Vitaminas C contribuyan a la protecci\u00f3n de las c\u00e9lulas contra el estr\u00e9s oxidativo.<\/p>\n<p><strong>Ingredientes:<\/strong><\/p>\n<ul>\n<li>Magnesio<\/li>\n<li>Vitamina C (asc\u00f3rbico antioxidante \u00e1cido)<\/li>\n<li>Fibras nutricionales<\/li>\n<li>Extracto de Cannabidiol<\/li>\n<\/ul>\n<p>Extracto de cannabidiol 5 mg<\/p>\n<table class=\"style-2\">\n<tbody>\n<tr>\n<th>Sustancia<\/th>\n<th>Capacidad y cantidad diaria recomendada en 1 c\u00e1psula<\/th>\n<\/tr>\n<tr>\n<td>Vitamina C (asc\u00f3rbico antioxidante \u00e1cido)<\/td>\n<\/tr>\n<tr>\n<td>Fibras nutricionales<\/td>\n<\/tr>\n<tr>\n<td>Magnesio<\/td>\n<\/tr>\n<\/tbody>\n<\/table>\n<p>&nbsp;<\/p>\n<p><strong>Capacidad:<\/strong><\/p>\n<ul>\n<li>60 c\u00e1psulas<\/li>\n<li>1 capsula contiene 5mg de cbd<\/li>\n<\/ul>\n<p><strong>Cantidad recomendada<\/strong><\/p>\n<ul>\n<li>2\/3 veces por d\u00eda, max. 3 c\u00e1psulas como suplemento nutricional<\/li>\n<li>1 gota contiene 5 mg de CBD<\/li>\n<li>Almacenar en sitio seco y fresco<\/li>\n<\/ul>\n<p><strong>No recomendado:<\/strong><\/p>\n<p>Aunque no est\u00e1n demostrados los efectos secundarios de CBD, todav\u00eda no es recomendado para:<\/p>\n<ul>\n<li>mujeres embarazadas<\/li>\n<li>mujeres lactantes<\/li>\n<li>ni\u00f1os<\/li>\n<li>Excedar la cantidad recomendada<\/li>\n<\/ul>\n<p><strong>Descargue el informe de prueba de AZOTH\u00ae 2% C\u00c1PSULAS<\/strong><\/p>\n<p>Para garantizar la calidad de nuestro aceite CBD, el producto es probado por laboratios externos arbitrariamente y con regularidad. Nuestros clientes se merecen el mejor producto.<\/p>\n<p><a href=\"\/\/cbdstorespain.com\/content\/uploads\/2020\/03\/azoth-2procent-caps-pure-20-212x300.jpg\"><picture><source srcset=\"https:\/\/cbdstorespain.com\/content\/uploads\/2020\/03\/azoth-2procent-caps-pure-20-212x300.jpg.webp 212w, https:\/\/cbdstorespain.com\/content\/uploads\/2020\/03\/azoth-2procent-caps-pure-20-723x1024.jpg.webp 723w, https:\/\/cbdstorespain.com\/content\/uploads\/2020\/03\/azoth-2procent-caps-pure-20-768x1088.jpg.webp 768w, https:\/\/cbdstorespain.com\/content\/uploads\/2020\/03\/azoth-2procent-caps-pure-20-1084x1536.jpg.webp 1084w, https:\/\/cbdstorespain.com\/content\/uploads\/2020\/03\/azoth-2procent-caps-pure-20-1445x2048.jpg.webp 1445w, https:\/\/cbdstorespain.com\/content\/uploads\/2020\/03\/azoth-2procent-caps-pure-20-185x262.jpg.webp 185w, https:\/\/cbdstorespain.com\/content\/uploads\/2020\/03\/azoth-2procent-caps-pure-20-600x850.jpg.webp 600w, https:\/\/cbdstorespain.com\/content\/uploads\/2020\/03\/azoth-2procent-caps-pure-20-scaled.jpg.webp 1807w\" sizes=\"auto, (max-width: 212px) 100vw, 212px\" type=\"image\/webp\"><img loading=\"lazy\" decoding=\"async\" class=\"size-medium wp-image-3321 aligncenter webpexpress-processed\" src=\"\/\/cbdstorespain.com\/content\/uploads\/2020\/03\/azoth-2procent-caps-pure-20-212x300.jpg\" alt=\"\" width=\"212\" height=\"300\" srcset=\"https:\/\/cbdstorespain.com\/content\/uploads\/2020\/03\/azoth-2procent-caps-pure-20-212x300.jpg 212w, https:\/\/cbdstorespain.com\/content\/uploads\/2020\/03\/azoth-2procent-caps-pure-20-723x1024.jpg 723w, https:\/\/cbdstorespain.com\/content\/uploads\/2020\/03\/azoth-2procent-caps-pure-20-768x1088.jpg 768w, https:\/\/cbdstorespain.com\/content\/uploads\/2020\/03\/azoth-2procent-caps-pure-20-1084x1536.jpg 1084w, https:\/\/cbdstorespain.com\/content\/uploads\/2020\/03\/azoth-2procent-caps-pure-20-1445x2048.jpg 1445w, https:\/\/cbdstorespain.com\/content\/uploads\/2020\/03\/azoth-2procent-caps-pure-20-185x262.jpg 185w, https:\/\/cbdstorespain.com\/content\/uploads\/2020\/03\/azoth-2procent-caps-pure-20-600x850.jpg 600w, https:\/\/cbdstorespain.com\/content\/uploads\/2020\/03\/azoth-2procent-caps-pure-20-scaled.jpg 1807w\" sizes=\"auto, (max-width: 212px) 100vw, 212px\"><\/picture><\/a><\/p>\n","protected":false},"excerpt":{"rendered":"<p>Sobre AZOTH\u00ae 2% c\u00e1psulas AZOTH\u00ae 2% CBD c\u00e1psulas org\u00e1nico y libre de THC es un innovador suplemento nutricional crecido en campos de c\u00e1\u00f1amo org\u00e1nico. AZOTH\u00ae 2% contiene 2% extracto de c\u00e1\u00f1amo puro combinado con vitamina C, E y D, libre de THC. (Mire el informe de prueba) Resuelto en una neutral base de aceite org\u00e1nico. [&#8230;]\n","protected":false},"featured_media":1614,"template":"","meta":[],"product_brand":[],"product_cat":[732],"product_tag":[],"class_list":{"0":"post-723","1":"product","2":"type-product","3":"status-publish","4":"has-post-thumbnail","6":"product_cat-otros-productos-cbd","8":"first","9":"outofstock","10":"taxable","11":"shipping-taxable","12":"purchasable","13":"product-type-simple"},"_links":{"self":[{"href":"https:\/\/cbdstorespain.com\/es\/wp-json\/wp\/v2\/product\/723","targetHints":{"allow":["GET"]}}],"collection":[{"href":"https:\/\/cbdstorespain.com\/es\/wp-json\/wp\/v2\/product"}],"about":[{"href":"https:\/\/cbdstorespain.com\/es\/wp-json\/wp\/v2\/types\/product"}],"wp:featuredmedia":[{"embeddable":true,"href":"https:\/\/cbdstorespain.com\/es\/wp-json\/wp\/v2\/media\/1614"}],"wp:attachment":[{"href":"https:\/\/cbdstorespain.com\/es\/wp-json\/wp\/v2\/media?parent=723"}],"wp:term":[{"taxonomy":"product_brand","embeddable":true,"href":"https:\/\/cbdstorespain.com\/es\/wp-json\/wp\/v2\/product_brand?post=723"},{"taxonomy":"product_cat","embeddable":true,"href":"https:\/\/cbdstorespain.com\/es\/wp-json\/wp\/v2\/product_cat?post=723"},{"taxonomy":"product_tag","embeddable":true,"href":"https:\/\/cbdstorespain.com\/es\/wp-json\/wp\/v2\/product_tag?post=723"}],"curies":[{"name":"wp","href":"https:\/\/api.w.org\/{rel}","templated":true}]}}